{"id":1071,"date":"2015-12-14T07:14:55","date_gmt":"2015-12-14T07:14:55","guid":{"rendered":"http:\/\/consulting.stylemixthemes.com\/demo\/?page_id=2"},"modified":"2025-05-19T13:02:01","modified_gmt":"2025-05-19T16:02:01","slug":"sample-page-2","status":"publish","type":"page","link":"https:\/\/softlab.com.ar\/webv2\/","title":{"rendered":"Inicio"},"content":{"rendered":"<p>[vc_row][vc_column][stm_spacing lg_spacing=&#8221;50px&#8221; md_spacing=&#8221;0&#8243; sm_spacing=&#8221;0&#8243; xs_spacing=&#8221;0&#8243;][rev_slider_vc alias=&#8221;main_slider&#8221;][\/vc_column][\/vc_row][vc_row full_width=&#8221;stretch_row&#8221;][vc_column][stm_spacing lg_spacing=&#8221;74&#8243; sm_spacing=&#8221;60&#8243; xs_spacing=&#8221;40&#8243; md_spacing=&#8221;74&#8243;][vc_custom_heading stripe_pos=&#8221;top_bottom&#8221; text=&#8221;Un aliado confiable con propuestas de valor seguras, efectivas y eficientes para las empresas y el sector p\u00fablico&#8221; font_container=&#8221;tag:h1|font_size:3rem|text_align:center&#8221; use_theme_fonts=&#8221;yes&#8221;][stm_spacing lg_spacing=&#8221;40&#8243; sm_spacing=&#8221;40&#8243; xs_spacing=&#8221;20&#8243; md_spacing=&#8221;40&#8243;][vc_row_inner equal_height=&#8221;yes&#8221;][vc_column_inner width=&#8221;1\/2&#8243;]\n<div class=\"vckit-icon-box elegant-icon-box eib-icon-effect-1 eib-icon-effect-1a eib-layout-icon-boxed eib-align-left eib-top-align-center eib-icon-diamond eib-size-medium eib-type-icon eib-hover-global   vckit_custom_class_861afa3e57048f \" >\n  <div class=\"eib-wrapper\">\n          <div class=\"eib-icon\">\n        <div class=\"eib-fonts-icon\"><span class=\"eib-before-icon\"><\/span><i class=\"stm-nokia_outline\"><\/i><span class=\"eib-after-icon\"><\/span><\/div>      <\/div>\n                <h3 >EMPRESAS<\/h3>\n          \n    <div class=\"eib-clearfix\"><\/div>\n    <div class=\"eib-description\"><p>Soluciones integrales y escalables.<br \/>\nUpstream \u2013 midstream y downstream.<br \/>\nAutomaci\u00f3n, Transferencia de custodia, Gesti\u00f3n de yacimientos.<br \/>\nGesti\u00f3n del big data<br \/>\nQuimiometr\u00eda de tiempo real y en la nube.<br \/>\nInfraestructura, plataformas y almacenamiento en la nube.\u00a0 \u00a0 \u00a0 \u00a0 \u00a0 \u00a0 \u00a0 \u00a0 \u00a0 \u00a0 \u00a0 \u00a0 Gesti\u00f3n de riesgos ambientales y sociales (cumplimiento ESG)\u00a0 \u00a0 \u00a0 \u00a0 \u00a0 Aplicaciones portables.<br \/>\nCapacitaci\u00f3n<br \/>\nConsultor\u00eda<\/p>\n<\/div>\n\n      <\/div>\n    <\/div>\n<style type=\"text\/css\" data-type=\"vckit-shortcode-css\" data-shortcode=\"vckit_icon_box\">.elegant-icon-box.vckit_custom_class_861afa3e57048f .eib-icon, .elegant-icon-box.vckit_custom_class_861afa3e57048f .eib-icon > a { color: #802547; }.elegant-icon-box.vckit_custom_class_861afa3e57048f.elegant-icon-box.eib-type-svg .eib-icon svg path { stroke: #802547;}.elegant-icon-box.vckit_custom_class_861afa3e57048f.eib-layout-highlight .eib-wrapper:hover { box-shadow: 0 2px 17px #802547;}.elegant-icon-box.vckit_custom_class_861afa3e57048f.eib-hover-icon .eib-icon:hover, .elegant-icon-box.vckit_custom_class_861afa3e57048f.eib-hover-global:hover .eib-icon, .elegant-icon-box.vckit_custom_class_861afa3e57048f.eib-hover-icon .eib-icon:hover > a, .elegant-icon-box.vckit_custom_class_861afa3e57048f.eib-hover-global:hover .eib-icon > a { color: #ffffff; }.elegant-icon-box.vckit_custom_class_861afa3e57048f.eib-hover-icon .eib-icon:hover .eib-before-icon, .elegant-icon-box.vckit_custom_class_861afa3e57048f.eib-hover-global:hover .eib-before-icon { background-color: #802547; }.elegant-icon-box.vckit_custom_class_861afa3e57048f.eib-hover-icon .eib-icon:hover .eib-after-icon, .elegant-icon-box.vckit_custom_class_861afa3e57048f.eib-hover-global:hover .eib-after-icon { border-color: #802547}<\/style>[\/vc_column_inner][vc_column_inner width=&#8221;1\/2&#8243;]\n<div class=\"vckit-icon-box elegant-icon-box eib-icon-effect-1 eib-icon-effect-1a eib-layout-icon-boxed eib-align-left eib-top-align-center eib-icon-diamond eib-size-medium eib-type-icon eib-hover-global   vckit_custom_class_961afa701b58e3 \" >\n  <div class=\"eib-wrapper\">\n          <div class=\"eib-icon\">\n        <div class=\"eib-fonts-icon\"><span class=\"eib-before-icon\"><\/span><i class=\"stm-stm14_public\"><\/i><span class=\"eib-after-icon\"><\/span><\/div>      <\/div>\n                <h3 >SECTOR P\u00daBLICO<\/h3>\n          \n    <div class=\"eib-clearfix\"><\/div>\n    <div class=\"eib-description\"><p>Soluciones para monitoreo y control.<br \/>\nConsultor\u00eda y monitoreo ESG en despliegues de operaciones, impacto ambiental y gesti\u00f3n del riesgo.<br \/>\nDesarrollo de capacidades. Procedimientos para transferencia de custodia Capacitaci\u00f3n nivel estrat\u00e9gico, operativo y t\u00e9cnico.<br \/>\nGesti\u00f3n del bigdata.<br \/>\nConsultor\u00eda estrat\u00e9gica basada en m\u00e9todos cuantitativos para el dise\u00f1o y an\u00e1lisis de pol\u00edticas p\u00fablicas y la gesti\u00f3n y monitoreo de contratos.<\/p>\n<\/div>\n\n      <\/div>\n    <\/div>\n<style type=\"text\/css\" data-type=\"vckit-shortcode-css\" data-shortcode=\"vckit_icon_box\">.elegant-icon-box.vckit_custom_class_961afa701b58e3 .eib-icon, .elegant-icon-box.vckit_custom_class_961afa701b58e3 .eib-icon > a { color: #802547; }.elegant-icon-box.vckit_custom_class_961afa701b58e3.elegant-icon-box.eib-type-svg .eib-icon svg path { stroke: #802547;}.elegant-icon-box.vckit_custom_class_961afa701b58e3.eib-layout-highlight .eib-wrapper:hover { box-shadow: 0 2px 17px #802547;}.elegant-icon-box.vckit_custom_class_961afa701b58e3.eib-hover-icon .eib-icon:hover, .elegant-icon-box.vckit_custom_class_961afa701b58e3.eib-hover-global:hover .eib-icon, .elegant-icon-box.vckit_custom_class_961afa701b58e3.eib-hover-icon .eib-icon:hover > a, .elegant-icon-box.vckit_custom_class_961afa701b58e3.eib-hover-global:hover .eib-icon > a { color: #ffffff; }.elegant-icon-box.vckit_custom_class_961afa701b58e3.eib-hover-icon .eib-icon:hover .eib-before-icon, .elegant-icon-box.vckit_custom_class_961afa701b58e3.eib-hover-global:hover .eib-before-icon { background-color: #802547; }.elegant-icon-box.vckit_custom_class_961afa701b58e3.eib-hover-icon .eib-icon:hover .eib-after-icon, .elegant-icon-box.vckit_custom_class_961afa701b58e3.eib-hover-global:hover .eib-after-icon { border-color: #802547}<\/style>[\/vc_column_inner][\/vc_row_inner][stm_spacing lg_spacing=&#8221;21&#8243; sm_spacing=&#8221;31&#8243; xs_spacing=&#8221;11&#8243; md_spacing=&#8221;21&#8243;][\/vc_column][\/vc_row][vc_row full_width=&#8221;stretch_row&#8221; css=&#8221;.vc_custom_1605034783540{background-image: url(https:\/\/softlab.com.ar\/webv2\/wp-content\/uploads\/2020\/11\/petroquimica.jpg?id=3398) !important;}&#8221; el_class=&#8221;fixed_bg&#8221;][vc_column][stm_spacing lg_spacing=&#8221;74&#8243; sm_spacing=&#8221;60&#8243; xs_spacing=&#8221;60&#8243; md_spacing=&#8221;74&#8243;][vc_row_inner][vc_column_inner width=&#8221;1\/6&#8243;][\/vc_column_inner][vc_column_inner width=&#8221;2\/3&#8243;][vc_custom_heading icon_size=&#8221;5rem&#8221; stripe_pos=&#8221;top_bottom&#8221; text=&#8221;Nuestras Soluciones&#8221; font_container=&#8221;tag:h1|text_align:center|color:%23ffffff&#8221; use_theme_fonts=&#8221;yes&#8221; css=&#8221;.vc_custom_1611616760228{margin-bottom: 41px !important;}&#8221; subtitle=&#8221;Nuestras soluciones inteligentes que incorporan una articulaci\u00f3n de productos de software propios (infraestructura, plataformas y aplicaciones), dispositivos de medici\u00f3n y despliegue de sistemas y servicios de consultor\u00eda para el dise\u00f1o, desarrollo e implementaci\u00f3n de procesos en funci\u00f3n de las necesidades.&#8221; subtitle_color=&#8221;#ffffff&#8221;][\/vc_column_inner][vc_column_inner width=&#8221;1\/6&#8243;][\/vc_column_inner][\/vc_row_inner][stm_spacing lg_spacing=&#8221;40&#8243; sm_spacing=&#8221;40&#8243; xs_spacing=&#8221;20&#8243; md_spacing=&#8221;40&#8243;][stm_animation_block animation=&#8221;fadeInUp&#8221; animation_duration=&#8221;0.5&#8243; animation_delay=&#8221;0.3&#8243;][stm_services posts_per_page=&#8221;4&#8243; posts_per_row=&#8221;4&#8243; img_size=&#8221;510&#215;364&#8243; style=&#8221;style_2&#8243;][\/stm_animation_block][stm_animation_block animation=&#8221;fadeInUp&#8221; animation_duration=&#8221;0.5&#8243; animation_delay=&#8221;0.3&#8243;][\/stm_animation_block][vc_btn title=&#8221;TODOS NUESTROS SERVICIOS&#8221; style=&#8221;flat&#8221; color=&#8221;theme_style_3&#8243; size=&#8221;lg&#8221; align=&#8221;center&#8221; link=&#8221;url:https%3A%2F%2Fsoftlab.com.ar%2Fwebv2%2Fsoluciones%2F|title:Soluciones&#8221;][stm_spacing lg_spacing=&#8221;40&#8243; sm_spacing=&#8221;40&#8243; xs_spacing=&#8221;20&#8243; md_spacing=&#8221;40&#8243;][vc_custom_heading stripe_pos=&#8221;top_bottom&#8221; text=&#8221;\u201cPara SoftLab, cada problema es un desaf\u00edo, del cual nace un proyecto y cada<br \/>\nproyecto es una soluci\u00f3n para su empresa\u201d&#8221; font_container=&#8221;tag:h4|text_align:center|color:%23ffffff&#8221; use_theme_fonts=&#8221;yes&#8221;][stm_spacing lg_spacing=&#8221;56&#8243; sm_spacing=&#8221;60&#8243; xs_spacing=&#8221;40&#8243; md_spacing=&#8221;56&#8243;][\/vc_column][\/vc_row][vc_row css=&#8221;.vc_custom_1611628752989{padding-top: 50px !important;}&#8221;][vc_column offset=&#8221;vc_col-lg-6 vc_col-md-6&#8243;][stm_animation_block animation=&#8221;fadeInUp&#8221; animation_duration=&#8221;0.5&#8243; animation_delay=&#8221;0.3&#8243;][stm_spacing lg_spacing=&#8221;78&#8243; sm_spacing=&#8221;60&#8243; xs_spacing=&#8221;40&#8243; md_spacing=&#8221;78&#8243;][vc_custom_heading stripe_pos=&#8221;hide&#8221; text=&#8221;Ingenier\u00eda con base en software para la industria petrolera&#8221; font_container=&#8221;tag:h3|text_align:left&#8221; use_theme_fonts=&#8221;yes&#8221; el_class=&#8221;second_font_color&#8221; css=&#8221;.vc_custom_1605198438310{margin-bottom: 0px !important;}&#8221;][stm_spacing lg_spacing=&#8221;16&#8243; sm_spacing=&#8221;22&#8243; xs_spacing=&#8221;12&#8243; md_spacing=&#8221;16&#8243;][vc_column_text]<\/p>\n<p style=\"line-height: 28px; color: #777777; margin-bottom: 28px; text-align: justify;\">Fundada en 1984, SoftLab es una compa\u00f1\u00eda argentina que se dedica al desarrollo y a la implementaci\u00f3n de soluciones integrales de ingenier\u00eda con base en software para la industria petrolera y de procesos.<br \/>\nLas soluciones provistas por SoftLab protegen la inversi\u00f3n y el crecimiento de las compa\u00f1\u00edas del sector y cubren las necesidades del manejo inteligente de la informaci\u00f3n y de todos los procesos de negocios basados en desarrollo tecnol\u00f3gico.<\/p>\n<p style=\"text-align: justify;\"><strong>La Secretaria de Ciencia y T\u00e9cnica distingui\u00f3 a SoftLab como &#8220;Empresa de Innovaci\u00f3n Tecnol\u00f3gica&#8221; por su contribuci\u00f3n al avance tecnol\u00f3gico en Argentina.<\/strong><\/p>\n<p>[\/vc_column_text][\/stm_animation_block][vc_btn title=&#8221;M\u00e1s Sobre Nosotros&#8221; style=&#8221;flat&#8221; color=&#8221;theme_style_3&#8243; size=&#8221;lg&#8221; align=&#8221;left&#8221; link=&#8221;url:https%3A%2F%2Fsoftlab.com.ar%2Fwebv2%2Fnosotros%2F|title:M%C3%A1s%20Sobre%20Nosotros&#8221;][stm_spacing lg_spacing=&#8221;62&#8243; sm_spacing=&#8221;0&#8243; xs_spacing=&#8221;0&#8243; md_spacing=&#8221;62&#8243;][\/vc_column][vc_column offset=&#8221;vc_col-lg-6 vc_col-md-6&#8243;][stm_animation_block animation=&#8221;fadeInUp&#8221; animation_duration=&#8221;0.5&#8243; animation_delay=&#8221;0.3&#8243;][stm_spacing lg_spacing=&#8221;78&#8243; sm_spacing=&#8221;0&#8243; xs_spacing=&#8221;0&#8243; md_spacing=&#8221;78&#8243;][vc_custom_heading stripe_pos=&#8221;hide&#8221; text=&#8221;Investigaci\u00f3n y desarrollo&#8221; font_container=&#8221;tag:h3|text_align:left&#8221; use_theme_fonts=&#8221;yes&#8221; el_class=&#8221;second_font_color&#8221; css=&#8221;.vc_custom_1611174605040{margin-bottom: 0px !important;}&#8221;][vc_column_text]En SofLab invertimos esfuerzos significativos en Investigaci\u00f3n y Desarrollo para el dise\u00f1o de soluciones a problemas del futuro. Esta es una ventaja competitiva que hace de SoftLab una empresa \u00fanica.[\/vc_column_text][vc_column_text]<strong>Entre los productos de I&amp;D m\u00e1s relevantes se pueden contar:<\/strong>[\/vc_column_text]<ul class=\"vckit-checklist-list\">\n      <li style=\"font-size:;color:;margin-bottom:\">\n            <i class=\"stm-check \"\n        style=\"color: #81d742;font-size: \">\n      <\/i>\n                    <span>Soluciones espec\u00edficas para la ecuaci\u00f3n de ondas para yacimientos no convencionales para sistemas de automaci\u00f3n, control y captura de datos. <\/span>\n          <\/li>\n      <li style=\"font-size:;color:;margin-bottom:\">\n            <i class=\"stm-check \"\n        style=\"color: #81d742;font-size: \">\n      <\/i>\n                    <span>Dispositivos de medici\u00f3n \u201con line\u201d de composici\u00f3n qu\u00edmica para soluciones de problemas de transferencia de custodia. <\/span>\n          <\/li>\n      <li style=\"font-size:;color:;margin-bottom:\">\n            <i class=\"stm-check \"\n        style=\"color: #81d742;font-size: \">\n      <\/i>\n                    <span>Desarrollo de algoritmos propios para la anal\u00edtica de datos de explotaci\u00f3n de yacimientos convencionales y no convencionales. <\/span>\n          <\/li>\n  <\/ul>\n[vc_btn title=&#8221;M\u00e1s sobre Investigaci\u00f3n y Desarrollo&#8221; style=&#8221;flat&#8221; color=&#8221;theme_style_3&#8243; size=&#8221;lg&#8221; align=&#8221;left&#8221; link=&#8221;url:https%3A%2F%2Fsoftlab.com.ar%2Fwebv2%2Finvestigacion-desarrollo%2F|title:M%C3%A1s%20sobre%20Investigaci%C3%B3n%20y%20Desarrollo&#8221;][vc_column_text]<strong>Desarrollo de software a medida y optimizaci\u00f3n de sistemas cr\u00edticos:<\/strong>[\/vc_column_text]<ul class=\"vckit-checklist-list\">\n      <li style=\"font-size:;color:;margin-bottom:\">\n            <i class=\"stm-check \"\n        style=\"color: #81d742;font-size: \">\n      <\/i>\n                    <span>Equilibrio y control: Optimizaci\u00f3n de procesos industriales <\/span>\n          <\/li>\n      <li style=\"font-size:;color:;margin-bottom:\">\n            <i class=\"stm-check \"\n        style=\"color: #81d742;font-size: \">\n      <\/i>\n                    <span>Transformaci\u00f3n digital: Integraci\u00f3n de tecnolog\u00eda en las industrias <\/span>\n          <\/li>\n      <li style=\"font-size:;color:;margin-bottom:\">\n            <i class=\"stm-check \"\n        style=\"color: #81d742;font-size: \">\n      <\/i>\n                    <span>Continuidad operativa y respuesta r\u00e1pida en sistemas cr\u00edticos <\/span>\n          <\/li>\n  <\/ul>\n[stm_spacing lg_spacing=&#8221;40&#8243; sm_spacing=&#8221;0&#8243; xs_spacing=&#8221;0&#8243; md_spacing=&#8221;40&#8243;][\/stm_animation_block][vc_btn title=&#8221;Desarrollo a Medida&#8221; style=&#8221;flat&#8221; color=&#8221;theme_style_3&#8243; size=&#8221;lg&#8221; align=&#8221;left&#8221; link=&#8221;url:https%3A%2F%2Fsoftlab.com.ar%2Fwebv2%2Finvestigacion-desarrollo%2F|title:M%C3%A1s%20sobre%20Investigaci%C3%B3n%20y%20Desarrollo&#8221;][stm_spacing lg_spacing=&#8221;62&#8243; sm_spacing=&#8221;0&#8243; xs_spacing=&#8221;0&#8243; md_spacing=&#8221;62&#8243;][\/vc_column][\/vc_row]<\/p>\n","protected":false},"excerpt":{"rendered":"<p>[vc_row][vc_column][stm_spacing lg_spacing=&#8221;50px&#8221; md_spacing=&#8221;0&#8243; sm_spacing=&#8221;0&#8243; xs_spacing=&#8221;0&#8243;][rev_slider_vc alias=&#8221;main_slider&#8221;][\/vc_column][\/vc_row][vc_row full_width=&#8221;stretch_row&#8221;][vc_column][stm_spacing lg_spacing=&#8221;74&#8243; sm_spacing=&#8221;60&#8243; xs_spacing=&#8221;40&#8243; md_spacing=&#8221;74&#8243;][vc_custom_heading stripe_pos=&#8221;top_bottom&#8221; text=&#8221;Un aliado confiable con propuestas de valor seguras, efectivas y eficientes para las empresas y el sector p\u00fablico&#8221; font_container=&#8221;tag:h1|font_size:3rem|text_align:center&#8221; use_theme_fonts=&#8221;yes&#8221;][stm_spacing lg_spacing=&#8221;40&#8243; sm_spacing=&#8221;40&#8243; xs_spacing=&#8221;20&#8243; md_spacing=&#8221;40&#8243;][vc_row_inner equal_height=&#8221;yes&#8221;][vc_column_inner width=&#8221;1\/2&#8243;][\/vc_column_inner][vc_column_inner width=&#8221;1\/2&#8243;][\/vc_column_inner][\/vc_row_inner][stm_spacing lg_spacing=&#8221;21&#8243; sm_spacing=&#8221;31&#8243; xs_spacing=&#8221;11&#8243; md_spacing=&#8221;21&#8243;][\/vc_column][\/vc_row][vc_row full_width=&#8221;stretch_row&#8221; css=&#8221;.vc_custom_1605034783540{background-image: url(https:\/\/softlab.com.ar\/webv2\/wp-content\/uploads\/2020\/11\/petroquimica.jpg?id=3398) !important;}&#8221; el_class=&#8221;fixed_bg&#8221;][vc_column][stm_spacing lg_spacing=&#8221;74&#8243; sm_spacing=&#8221;60&#8243; xs_spacing=&#8221;60&#8243; md_spacing=&#8221;74&#8243;][vc_row_inner][vc_column_inner width=&#8221;1\/6&#8243;][\/vc_column_inner][vc_column_inner width=&#8221;2\/3&#8243;][vc_custom_heading icon_size=&#8221;5rem&#8221;<\/p>\n","protected":false},"author":1,"featured_media":0,"parent":0,"menu_order":9,"comment_status":"closed","ping_status":"closed","template":"","meta":[],"_links":{"self":[{"href":"https:\/\/softlab.com.ar\/webv2\/wp-json\/wp\/v2\/pages\/1071"}],"collection":[{"href":"https:\/\/softlab.com.ar\/webv2\/wp-json\/wp\/v2\/pages"}],"about":[{"href":"https:\/\/softlab.com.ar\/webv2\/wp-json\/wp\/v2\/types\/page"}],"author":[{"embeddable":true,"href":"https:\/\/softlab.com.ar\/webv2\/wp-json\/wp\/v2\/users\/1"}],"replies":[{"embeddable":true,"href":"https:\/\/softlab.com.ar\/webv2\/wp-json\/wp\/v2\/comments?post=1071"}],"version-history":[{"count":18,"href":"https:\/\/softlab.com.ar\/webv2\/wp-json\/wp\/v2\/pages\/1071\/revisions"}],"predecessor-version":[{"id":4516,"href":"https:\/\/softlab.com.ar\/webv2\/wp-json\/wp\/v2\/pages\/1071\/revisions\/4516"}],"wp:attachment":[{"href":"https:\/\/softlab.com.ar\/webv2\/wp-json\/wp\/v2\/media?parent=1071"}],"curies":[{"name":"wp","href":"https:\/\/api.w.org\/{rel}","templated":true}]}}