{"id":1819,"date":"2018-02-28T11:15:30","date_gmt":"2018-02-28T11:15:30","guid":{"rendered":"http:\/\/consulting.stylemixthemes.com\/demo\/?page_id=1819"},"modified":"2024-12-06T15:44:13","modified_gmt":"2024-12-06T18:44:13","slug":"nosotros","status":"publish","type":"page","link":"https:\/\/softlab.com.ar\/webv2\/nosotros\/","title":{"rendered":"Sobre Nosotros"},"content":{"rendered":"<p>[vc_row full_width=&#8221;stretch_row&#8221; css=&#8221;.vc_custom_1485516797007{margin-top: -75px !important;margin-bottom: 55px !important;padding-top: 81px !important;padding-bottom: 78px !important;background-color: #f2f2f2 !important;}&#8221;][vc_column width=&#8221;7\/12&#8243;][vc_column_text]<\/p>\n<p style=\"text-align: justify;\"><span style=\"display: block; line-height: 22px;\">Fundada en 1984, SoftLab es una compa\u00f1\u00eda argentina que se dedica al desarrollo y a la implementaci\u00f3n de soluciones integrales de ingenier\u00eda con base en software para la industria petrolera y de procesos.<br \/>\nLas soluciones provistas por SoftLab protegen la inversi\u00f3n y el crecimiento de las compa\u00f1\u00edas del sector y cubren las necesidades del manejo inteligente de la informaci\u00f3n y de todos los procesos de negocios basados en desarrollo tecnol\u00f3gico.<\/span>[\/vc_column_text][vc_column_text]<\/p>\n<blockquote style=\"background-color: #ffffff;\">\n<p style=\"text-align: justify;\">La Secretaria de Ciencia y T\u00e9cnica distingui\u00f3 a SoftLab como <strong>&#8220;Empresa de Innovaci\u00f3n Tecnol\u00f3gica&#8221;<\/strong> por su contribuci\u00f3n al avance tecnol\u00f3gico en Argentina.<\/p>\n<\/blockquote>\n<p>[\/vc_column_text][\/vc_column][vc_column width=&#8221;5\/12&#8243;][\/vc_column][\/vc_row][vc_row][vc_column width=&#8221;1\/2&#8243;][vc_custom_heading text=&#8221;Rese\u00f1a del Fundador de SoftLab: Ariel G. Bertotto&#8221; font_container=&#8221;tag:h3|text_align:center&#8221; google_fonts=&#8221;font_family:Montserrat%3Aregular%2C700|font_style:700%20bold%20regular%3A700%3Anormal&#8221; css=&#8221;.vc_custom_1733496134825{margin-bottom: 39px !important;}&#8221;][vc_column_text css=&#8221;.vc_custom_1733510005095{margin-bottom: 20px !important;}&#8221;]<\/p>\n<p style=\"text-align: justify;\">Ariel G. Bertotto, Licenciado en Ciencias F\u00edsicas e Ingeniero en Reservorios, fund\u00f3 SoftLab en 1984 y se ha desempe\u00f1ado como Gerente General desde entonces. Con casi 50 a\u00f1os de experiencia en el sector petrolero, ha liderado m\u00e1s de 100 proyectos tecnol\u00f3gicos para empresas de E&amp;P, posicionando a SoftLab como un referente en soluciones de ingenier\u00eda basadas en software. Su liderazgo ha permitido desarrollar herramientas innovadoras que optimizan procesos, protegen inversiones y fomentan el crecimiento de las empresas en la industria petrolera.<\/p>\n<p>[\/vc_column_text][\/vc_column][vc_column width=&#8221;1\/2&#8243;][vc_column_text css=&#8221;.vc_custom_1733510405719{margin-top: -50px !important;margin-bottom: -100px !important;}&#8221;]<\/p>\n<div id=\"videoAriel\" style=\"display: flex; justify-content: center; align-items: center; width: 100%; height: 75vh; margin: 0; padding: 0;\"><video style=\"margin: 0; padding: 0;\" autoplay=\"autoplay\" muted=\"muted\" width=\"100%\" height=\"100%\"><br \/><source src=\"https:\/\/www.softlab.com.ar\/video\/Ariel.mp4\" type=\"video\/mp4\" preload=\"auto\" \/><br \/>\nYour browser does not support the video tag.<br \/><\/video><\/div>\n<p>[\/vc_column_text][\/vc_column][\/vc_row][vc_row][vc_column][vc_empty_space][vc_empty_space][vc_empty_space height=&#8221;10px&#8221;][vc_custom_heading text=&#8221;Nuestros Valores&#8221; font_container=&#8221;tag:h3|text_align:left&#8221; google_fonts=&#8221;font_family:Montserrat%3Aregular%2C700|font_style:700%20bold%20regular%3A700%3Anormal&#8221; css=&#8221;.vc_custom_1606569586613{margin-bottom: 39px !important;}&#8221;][vc_custom_heading text=&#8221;Compromiso de Servicio&#8221; font_container=&#8221;tag:h3|text_align:center&#8221; google_fonts=&#8221;font_family:Montserrat%3Aregular%2C700|font_style:700%20bold%20regular%3A700%3Anormal&#8221; css=&#8221;.vc_custom_1606569876423{margin-bottom: 39px !important;}&#8221;][vc_column_text]<\/p>\n<p style=\"text-align: center;\">SoftLab se considera aliado de sus clientes en la proyecci\u00f3n de su futuro. Gracias al pleno compromiso de todos los integrantes de la compa\u00f1\u00eda, SoftLab pudo ofrecer durante 20 a\u00f1os servicios con est\u00e1ndares de excelencia. Mediante la actitud proactiva en la atenci\u00f3n a los requerimientos y necesidades del cliente, el aggiornamiento en las t\u00e9cnicas modernas y el testeo y la validaci\u00f3n de sus productos y servicios (antes, durante y despu\u00e9s de cada provisi\u00f3n) SoftLab identifica continuamente oportunidades de mejora.<\/p>\n<p>[\/vc_column_text][vc_empty_space][\/vc_column][\/vc_row][vc_row css=&#8221;.vc_custom_1485526502077{margin-bottom: 30px !important;}&#8221;][vc_column offset=&#8221;vc_col-lg-4 vc_col-md-4&#8243;][stm_icon_box icon=&#8221;stm-ankara-like&#8221; style=&#8221;icon_left&#8221; icon_size=&#8221;20&#8243; icon_color=&#8221;base&#8221; icon_bg_color=&#8221;third_bg&#8221; icon_width=&#8221;70&#8243; title=&#8221;Confiabilidad&#8221; css=&#8221;.vc_custom_1608215549872{margin-bottom: 28px !important;}&#8221;]<span style=\"display: block; line-height: 24px;\">La aplicaci\u00f3n de las normas t\u00e9cnicas sectoriales y el control de la calidad en todos los procesos en los que SoftLab est\u00e1 involucrada, fundamenta las relaciones de confianza y seguridad mutua con sus clientes y proveedores.<\/span>[\/stm_icon_box][\/vc_column][vc_column offset=&#8221;vc_col-lg-4 vc_col-md-4&#8243;][stm_icon_box icon=&#8221;stm-ankara-search&#8221; style=&#8221;icon_left&#8221; icon_size=&#8221;20&#8243; icon_color=&#8221;base&#8221; icon_bg_color=&#8221;third_bg&#8221; icon_width=&#8221;70&#8243; title=&#8221;Transparencia&#8221; css=&#8221;.vc_custom_1608215575815{margin-bottom: 28px !important;}&#8221;]<span style=\"display: block; line-height: 24px;\">SoftLab asume la transparencia como mejor garant\u00eda de \u00e9xito en el largo plazo. Por eso promueve la trazabilidad documental de todas las etapas y la auditabilidad de sus sistemas y procedimientos.<\/span>[\/stm_icon_box][\/vc_column][vc_column offset=&#8221;vc_col-lg-4 vc_col-md-4&#8243;][stm_icon_box icon=&#8221;stm-glob-workers&#8221; style=&#8221;icon_left&#8221; icon_size=&#8221;28&#8243; icon_color=&#8221;base&#8221; icon_bg_color=&#8221;third_bg&#8221; icon_width=&#8221;70&#8243; title=&#8221;Trabajo en equipo y profesionalismo&#8221; css=&#8221;.vc_custom_1608215603616{margin-bottom: 28px !important;}&#8221;]<span style=\"display: block; line-height: 24px;\">SoftLab promueve las capacidades individuales a trav\u00e9s de la capacitaci\u00f3n continua y potencia la energia del trabajo en equipo interno y con sus clientes. <\/span>[\/stm_icon_box][\/vc_column][\/vc_row][vc_row css=&#8221;.vc_custom_1485526502077{margin-bottom: 30px !important;}&#8221;][vc_column offset=&#8221;vc_col-lg-4 vc_col-md-4&#8243;][stm_icon_box icon=&#8221;far fa-lightbulb&#8221; style=&#8221;icon_left&#8221; icon_size=&#8221;18&#8243; icon_color=&#8221;base&#8221; icon_bg_color=&#8221;third_bg&#8221; icon_width=&#8221;70&#8243; title=&#8221;Innovaci\u00f3n&#8221;]<span style=\"display: block; line-height: 24px;\">SoftLab contribuye al aumento de la productividad en sus clientes mediante la implementaci\u00f3n de mejoras significativas en sus productos y servicios.<\/span>[\/stm_icon_box][\/vc_column][vc_column offset=&#8221;vc_col-lg-4 vc_col-md-4&#8243;][stm_icon_box icon=&#8221;stm-nokia_outline&#8221; style=&#8221;icon_left&#8221; icon_size=&#8221;16&#8243; icon_color=&#8221;base&#8221; icon_bg_color=&#8221;third_bg&#8221; icon_width=&#8221;70&#8243; title=&#8221;Confidencialidad&#8221; css=&#8221;.vc_custom_1608215649927{margin-bottom: 28px !important;}&#8221;]<span style=\"display: block; line-height: 24px;\">SoftLab garantiza confidencialidad absoluta de los datos de su empresa mediante procedimientos de calidad.<\/span>[\/stm_icon_box][\/vc_column][vc_column offset=&#8221;vc_col-lg-4 vc_col-md-4&#8243;][stm_icon_box icon=&#8221;stm-mumbai_board&#8221; style=&#8221;icon_left&#8221; icon_size=&#8221;28&#8243; icon_color=&#8221;base&#8221; icon_bg_color=&#8221;third_bg&#8221; icon_width=&#8221;70&#8243; title=&#8221;Seguridad&#8221; css=&#8221;.vc_custom_1611615904124{margin-bottom: 28px !important;}&#8221;]<span style=\"display: block; line-height: 24px;\">SoftLab formula un an\u00e1lisis de riesgo de todos sus despliegues de soluciones y a partir de los mismos genera las protecciones necesarias para garantizar la indemnidad de los datos ante ataques externos, intrusiones, virus, accidentes o incidentes.<\/span>[\/stm_icon_box][\/vc_column][\/vc_row][vc_row full_width=&#8221;stretch_row_content&#8221; equal_height=&#8221;yes&#8221; css=&#8221;.vc_custom_1611845050415{background-color: #f2f2f2 !important;}&#8221;][vc_column width=&#8221;1\/2&#8243; css=&#8221;.vc_custom_1611845065598{padding-right: 10% !important;padding-left: 10% !important;}&#8221;][vc_custom_heading text=&#8221;Nuestra Visi\u00f3n&#8221; font_container=&#8221;tag:h3|text_align:left&#8221; google_fonts=&#8221;font_family:Montserrat%3Aregular%2C700|font_style:700%20bold%20regular%3A700%3Anormal&#8221; css=&#8221;.vc_custom_1605057807301{margin-top: 50px !important;margin-bottom: 25px !important;}&#8221;][vc_column_text css=&#8221;.vc_custom_1606569485822{margin-bottom: 23px !important;}&#8221;]<\/p>\n<p style=\"text-align: justify;\">SoftLab pretende ser considerada una <strong>consultora de excelencia<\/strong> en la provisi\u00f3n de soluciones integrales en sistemas de informaci\u00f3n, conforme a su tradici\u00f3n de desarrollo de proyectos de innovaci\u00f3n tecnol\u00f3gica.<\/p>\n<p>[\/vc_column_text][vc_empty_space][\/vc_column][vc_column width=&#8221;1\/2&#8243; css=&#8221;.vc_custom_1611845224284{padding-right: 10% !important;padding-left: 10% !important;background-color: #802547 !important;background-position: center !important;background-repeat: no-repeat !important;background-size: cover !important;}&#8221;][vc_custom_heading text=&#8221;Nuestra Misi\u00f3n&#8221; font_container=&#8221;tag:h3|text_align:left|color:%23ffffff&#8221; google_fonts=&#8221;font_family:Montserrat%3Aregular%2C700|font_style:700%20bold%20regular%3A700%3Anormal&#8221; css=&#8221;.vc_custom_1611844304392{margin-top: 50px !important;margin-bottom: 25px !important;}&#8221; subtitle_color=&#8221;#ffffff&#8221;][vc_column_text css=&#8221;.vc_custom_1611844328026{margin-bottom: 22px !important;}&#8221;]<\/p>\n<p style=\"text-align: justify;\"><span style=\"display: block; line-height: 22px; color: #ffffff;\">SoftLab tiene como objetivo principal optimizar las decisiones de negocios y generar valor agregado para sus clientes, mediante soluciones integrales de ingenier\u00eda con base en software para la industria petrolera y de procesos. <\/span><\/p>\n<p>[\/vc_column_text][vc_empty_space][\/vc_column][\/vc_row][vc_row full_width=&#8221;stretch_row&#8221; css=&#8221;.vc_custom_1611841856462{border-bottom-width: 25% !important;background: #f5f5f5 url(https:\/\/softlab.com.ar\/webv2\/wp-content\/uploads\/2021\/01\/contacto.jpg?id=4063) !important;background-position: center !important;background-repeat: no-repeat !important;background-size: cover !important;}&#8221;][vc_column][vc_custom_heading text=&#8221;Carreras en SoftLab&#8221; font_container=&#8221;tag:h2|text_align:center&#8221; google_fonts=&#8221;font_family:Montserrat%3Aregular%2C700|font_style:700%20bold%20regular%3A700%3Anormal&#8221; css=&#8221;.vc_custom_1611618352489{margin-top: 50px !important;margin-bottom: 30px !important;}&#8221;][vc_empty_space][vc_row_inner][vc_column_inner width=&#8221;1\/6&#8243;][\/vc_column_inner][vc_column_inner width=&#8221;2\/3&#8243;][vc_column_text]<\/p>\n<p style=\"text-align: center;\">SoftLab es un espacio de formaci\u00f3n en valores y en competencias t\u00e9cnicas. El talento humano es central a la esencia de SoftLab, por eso nuestra b\u00fasqueda es constante.<\/p>\n<p style=\"text-align: center;\"><strong>Env\u00ede su CV a jobs@softlab.com.ar<\/strong><\/p>\n<p>[\/vc_column_text][\/vc_column_inner][vc_column_inner width=&#8221;1\/6&#8243;][\/vc_column_inner][\/vc_row_inner][vc_empty_space height=&#8221;250px&#8221;][\/vc_column][\/vc_row][vc_row full_width=&#8221;stretch_row&#8221; css=&#8221;.vc_custom_1485599202663{padding-top: 44px !important;padding-bottom: 44px !important;background-color: #f2f2f2 !important;}&#8221;][vc_column][vc_custom_heading text=&#8221;Nuestros Clientes&#8221; font_container=&#8221;tag:h3|text_align:center&#8221; google_fonts=&#8221;font_family:Montserrat%3Aregular%2C700|font_style:700%20bold%20regular%3A700%3Anormal&#8221; css=&#8221;.vc_custom_1611615966164{margin-bottom: 39px !important;}&#8221;][stm_image_carousel img_size=&#8221;180&#215;96&#8243; autoplay=&#8221;yes&#8221; loop=&#8221;yes&#8221; items_mobile=&#8221;2&#8243; images=&#8221;3517,3519,3525,3650,3652,3654,3657,3660,3662,3663,3664,3666,3668,3670,3671,3656,3673,3675,3676,3677,3681,3682,3683,3684,3686,3687&#8243;][\/vc_column][\/vc_row][vc_row full_width=&#8221;stretch_row&#8221; el_class=&#8221;third_bg_color&#8221; css=&#8221;.vc_custom_1451889219674{margin-bottom: -60px !important;}&#8221;][vc_column][vc_cta h2=&#8221;\u00bfEst\u00e1 buscando un aliado para automatizar y optimizar el control de sus operaciones?&#8221; h2_font_container=&#8221;color:%23ffffff|line_height:24px&#8221; h2_use_theme_fonts=&#8221;yes&#8221; shape=&#8221;square&#8221; style=&#8221;flat&#8221; add_button=&#8221;right&#8221; btn_title=&#8221;contactanos&#8221; btn_style=&#8221;flat&#8221; btn_color=&#8221;theme_style_2&#8243; btn_align=&#8221;right&#8221; btn_i_align=&#8221;right&#8221; btn_i_icon_fontawesome=&#8221;fas fa-chevron-right&#8221; particles=&#8221;yes&#8221; use_custom_fonts_h2=&#8221;true&#8221; btn_button_block=&#8221;true&#8221; btn_add_icon=&#8221;true&#8221; el_class=&#8221;third_bg_color&#8221; css=&#8221;.vc_custom_1612317120095{margin-bottom: 0px !important;}&#8221; h2_el_id=&#8221;callto&#8221; btn_link=&#8221;url:https%3A%2F%2Fsoftlab.com.ar%2Fwebv2%2Fcontacto%2F|title:Contacto&#8221;][\/vc_cta][\/vc_column][\/vc_row][vc_row][vc_column][\/vc_column][\/vc_row]<\/p>\n","protected":false},"excerpt":{"rendered":"<p>[vc_row full_width=&#8221;stretch_row&#8221; css=&#8221;.vc_custom_1485516797007{margin-top: -75px !important;margin-bottom: 55px !important;padding-top: 81px !important;padding-bottom: 78px !important;background-color: #f2f2f2 !important;}&#8221;][vc_column width=&#8221;7\/12&#8243;][vc_column_text] Fundada en 1984, SoftLab es una compa\u00f1\u00eda argentina que se dedica al desarrollo y a la implementaci\u00f3n de soluciones integrales de ingenier\u00eda con base en software para la industria petrolera y de procesos. Las soluciones provistas por SoftLab protegen la inversi\u00f3n<\/p>\n","protected":false},"author":1,"featured_media":0,"parent":0,"menu_order":10,"comment_status":"closed","ping_status":"closed","template":"","meta":[],"_links":{"self":[{"href":"https:\/\/softlab.com.ar\/webv2\/wp-json\/wp\/v2\/pages\/1819"}],"collection":[{"href":"https:\/\/softlab.com.ar\/webv2\/wp-json\/wp\/v2\/pages"}],"about":[{"href":"https:\/\/softlab.com.ar\/webv2\/wp-json\/wp\/v2\/types\/page"}],"author":[{"embeddable":true,"href":"https:\/\/softlab.com.ar\/webv2\/wp-json\/wp\/v2\/users\/1"}],"replies":[{"embeddable":true,"href":"https:\/\/softlab.com.ar\/webv2\/wp-json\/wp\/v2\/comments?post=1819"}],"version-history":[{"count":95,"href":"https:\/\/softlab.com.ar\/webv2\/wp-json\/wp\/v2\/pages\/1819\/revisions"}],"predecessor-version":[{"id":4473,"href":"https:\/\/softlab.com.ar\/webv2\/wp-json\/wp\/v2\/pages\/1819\/revisions\/4473"}],"wp:attachment":[{"href":"https:\/\/softlab.com.ar\/webv2\/wp-json\/wp\/v2\/media?parent=1819"}],"curies":[{"name":"wp","href":"https:\/\/api.w.org\/{rel}","templated":true}]}}