{"id":1821,"date":"2018-02-28T11:16:03","date_gmt":"2018-02-28T11:16:03","guid":{"rendered":"http:\/\/consulting.stylemixthemes.com\/demo\/?page_id=1821"},"modified":"2024-12-19T11:16:58","modified_gmt":"2024-12-19T14:16:58","slug":"capacitacion","status":"publish","type":"page","link":"https:\/\/softlab.com.ar\/webv2\/capacitacion\/","title":{"rendered":"Capacitaci\u00f3n"},"content":{"rendered":"<p>[vc_row full_width=&#8221;stretch_row&#8221; css=&#8221;.vc_custom_1609288175011{margin-bottom: 0px !important;background-color: #ffffff !important;}&#8221;][vc_column][vc_custom_heading text=&#8221;Capacitaci\u00f3n T\u00e9cnica&#8221; font_container=&#8221;tag:h3|text_align:center&#8221; google_fonts=&#8221;font_family:Montserrat%3Aregular%2C700|font_style:700%20bold%20regular%3A700%3Anormal&#8221; css=&#8221;.vc_custom_1611610425351{margin-bottom: 39px !important;}&#8221; subtitle=&#8221;SoftLab ofrece cursos de capacitaci\u00f3n t\u00e9cnica in company en apoyo a las soluciones que despliega&#8221; subtitle_color=&#8221;#1e1e1e&#8221;][vc_empty_space][\/vc_column][\/vc_row][vc_row][vc_column width=&#8221;1\/4&#8243;][vc_single_image image=&#8221;3897&#8243; img_size=&#8221;full&#8221; alignment=&#8221;center&#8221; css=&#8221;.vc_custom_1611609895665{margin-bottom: 0px !important;border-bottom-width: 0px !important;padding-bottom: 0px !important;}&#8221;][stm_icon_box hide_title_line=&#8221;hide_title_line&#8221; icon_size=&#8221;22&#8243; icon_color=&#8221;custom&#8221; icon_bg_color=&#8221;third_bg&#8221; title=&#8221;Transferencia de Custodia, Control de Mermas y Detecci\u00f3n de P\u00e9rdidas&#8221; title_font_size=&#8221;22&#8243; title_line_height=&#8221;30&#8243; icon_color_custom=&#8221;#222222&#8243; css=&#8221;.vc_custom_1611609595463{margin-bottom: 24px !important;}&#8221;][\/stm_icon_box][\/vc_column][vc_column width=&#8221;1\/4&#8243;][vc_single_image image=&#8221;3876&#8243; img_size=&#8221;full&#8221; alignment=&#8221;center&#8221; css=&#8221;.vc_custom_1611607832535{margin-bottom: 0px !important;border-bottom-width: 0px !important;padding-bottom: 0px !important;}&#8221;][stm_icon_box hide_title_line=&#8221;hide_title_line&#8221; icon_size=&#8221;22&#8243; icon_color=&#8221;custom&#8221; icon_bg_color=&#8221;third_bg&#8221; title=&#8221;Balance de Materiales, Conciliaci\u00f3n de Datos, Contabilidad de Producci\u00f3n&#8221; title_font_size=&#8221;22&#8243; title_line_height=&#8221;30&#8243; icon_color_custom=&#8221;#222222&#8243; css=&#8221;.vc_custom_1611609398870{margin-bottom: 24px !important;}&#8221;][\/stm_icon_box][\/vc_column][vc_column width=&#8221;1\/4&#8243;][vc_single_image image=&#8221;3882&#8243; img_size=&#8221;full&#8221; alignment=&#8221;center&#8221; css=&#8221;.vc_custom_1611608440059{margin-bottom: 0px !important;border-bottom-width: 0px !important;padding-bottom: 0px !important;}&#8221;][stm_icon_box hide_title_line=&#8221;hide_title_line&#8221; icon_size=&#8221;22&#8243; icon_color=&#8221;custom&#8221; icon_bg_color=&#8221;third_bg&#8221; title=&#8221;Perforaci\u00f3n, Terminaci\u00f3n y Reparaci\u00f3n de Pozos&#8221; title_font_size=&#8221;22&#8243; title_line_height=&#8221;30&#8243; icon_color_custom=&#8221;#222222&#8243; css=&#8221;.vc_custom_1611609452100{margin-bottom: 24px !important;}&#8221;][\/stm_icon_box][\/vc_column][vc_column width=&#8221;1\/4&#8243;][vc_single_image image=&#8221;3880&#8243; img_size=&#8221;full&#8221; alignment=&#8221;center&#8221; css=&#8221;.vc_custom_1611608081556{margin-bottom: 0px !important;border-bottom-width: 0px !important;padding-bottom: 0px !important;}&#8221;][stm_icon_box hide_title_line=&#8221;hide_title_line&#8221; icon_size=&#8221;22&#8243; icon_color=&#8221;custom&#8221; icon_bg_color=&#8221;third_bg&#8221; title=&#8221;Optimizaci\u00f3n de la Producci\u00f3n con Sistemas de Extracci\u00f3n Artificial&#8221; title_font_size=&#8221;22&#8243; title_line_height=&#8221;30&#8243; icon_color_custom=&#8221;#222222&#8243; css=&#8221;.vc_custom_1611609515548{margin-bottom: 24px !important;}&#8221;][\/stm_icon_box][\/vc_column][\/vc_row][vc_row][vc_column width=&#8221;1\/4&#8243;][vc_single_image image=&#8221;3899&#8243; img_size=&#8221;full&#8221; alignment=&#8221;center&#8221; css=&#8221;.vc_custom_1611610189958{margin-bottom: 0px !important;border-bottom-width: 0px !important;padding-bottom: 0px !important;}&#8221;][stm_icon_box hide_title_line=&#8221;hide_title_line&#8221; icon_size=&#8221;22&#8243; icon_color=&#8221;custom&#8221; icon_bg_color=&#8221;third_bg&#8221; title=&#8221;Operaciones de Estimulaci\u00f3n, Acidificaci\u00f3n y Fracturas&#8221; title_font_size=&#8221;22&#8243; title_line_height=&#8221;30&#8243; icon_color_custom=&#8221;#222222&#8243; css=&#8221;.vc_custom_1611609092495{margin-bottom: 24px !important;}&#8221;][\/stm_icon_box][\/vc_column][vc_column width=&#8221;1\/4&#8243;][vc_single_image image=&#8221;4026&#8243; img_size=&#8221;full&#8221; alignment=&#8221;center&#8221; css=&#8221;.vc_custom_1611624775171{margin-bottom: 0px !important;border-bottom-width: 0px !important;padding-bottom: 0px !important;}&#8221;][stm_icon_box hide_title_line=&#8221;hide_title_line&#8221; icon_size=&#8221;22&#8243; icon_color=&#8221;custom&#8221; icon_bg_color=&#8221;third_bg&#8221; title=&#8221;Bases de Datos Corporativas para E&amp;P&#8221; title_font_size=&#8221;22&#8243; title_line_height=&#8221;30&#8243; icon_color_custom=&#8221;#222222&#8243; css=&#8221;.vc_custom_1611609245878{margin-bottom: 24px !important;}&#8221;][\/stm_icon_box][\/vc_column][vc_column width=&#8221;1\/4&#8243;][vc_single_image image=&#8221;4028&#8243; img_size=&#8221;full&#8221; alignment=&#8221;center&#8221; css=&#8221;.vc_custom_1611625268412{margin-bottom: 0px !important;border-bottom-width: 0px !important;padding-bottom: 0px !important;}&#8221;][stm_icon_box hide_title_line=&#8221;hide_title_line&#8221; icon_size=&#8221;22&#8243; icon_color=&#8221;custom&#8221; icon_bg_color=&#8221;third_bg&#8221; title=&#8221;Gesti\u00f3n de la Calidad, Seguridad Industrial y Ambiental&#8221; title_font_size=&#8221;22&#8243; title_line_height=&#8221;30&#8243; icon_color_custom=&#8221;#222222&#8243; css=&#8221;.vc_custom_1611609176949{margin-bottom: 24px !important;}&#8221;][\/stm_icon_box][\/vc_column][vc_column width=&#8221;1\/4&#8243;][vc_single_image image=&#8221;4030&#8243; img_size=&#8221;full&#8221; alignment=&#8221;center&#8221; css=&#8221;.vc_custom_1611626726618{margin-bottom: 0px !important;border-bottom-width: 0px !important;padding-bottom: 0px !important;}&#8221;][stm_icon_box hide_title_line=&#8221;hide_title_line&#8221; icon_size=&#8221;22&#8243; icon_color=&#8221;custom&#8221; icon_bg_color=&#8221;third_bg&#8221; title=&#8221;Simulaci\u00f3n Num\u00e9rica de Reservorios. An\u00e1lisis Prospectivo&#8221; title_font_size=&#8221;22&#8243; title_line_height=&#8221;30&#8243; icon_color_custom=&#8221;#222222&#8243; css=&#8221;.vc_custom_1611609274916{margin-bottom: 24px !important;}&#8221;][\/stm_icon_box][\/vc_column][\/vc_row][vc_row full_width=&#8221;stretch_row&#8221; css=&#8221;.vc_custom_1609288175011{margin-bottom: 0px !important;background-color: #ffffff !important;}&#8221;][vc_column][vc_empty_space][vc_column_text]<\/p>\n<p style=\"text-align: center;\"><em>Para todos sus cursos SoftLab provee un Manual Interactivo para ser usado en dispositivos m\u00f3viles.<\/em><\/p>\n<p>[\/vc_column_text][vc_empty_space][\/vc_column][\/vc_row][vc_row full_width=&#8221;stretch_row&#8221; css=&#8221;.vc_custom_1609288175011{margin-bottom: 0px !important;background-color: #ffffff !important;}&#8221;][vc_column][vc_empty_space][vc_empty_space][vc_custom_heading text=&#8221;Capacitaci\u00f3n Estrat\u00e9gica y de Gesti\u00f3n&#8221; font_container=&#8221;tag:h3|text_align:center&#8221; google_fonts=&#8221;font_family:Montserrat%3Aregular%2C700|font_style:700%20bold%20regular%3A700%3Anormal&#8221; css=&#8221;.vc_custom_1611613101261{margin-bottom: 39px !important;}&#8221; subtitle=&#8221;Softlab ofrece cursos de capacitaci\u00f3n en temas estrat\u00e9gicos y de gesti\u00f3n para el fortalecimiento de las competencias del capital humano del middle &amp; top management para las empresas y los entes reguladores del sector p\u00fablico.&#8221; subtitle_color=&#8221;#1e1e1e&#8221;][vc_empty_space][\/vc_column][\/vc_row][vc_row][vc_column width=&#8221;1\/3&#8243;][vc_single_image image=&#8221;3897&#8243; img_size=&#8221;full&#8221; alignment=&#8221;center&#8221; css=&#8221;.vc_custom_1611609895665{margin-bottom: 0px !important;border-bottom-width: 0px !important;padding-bottom: 0px !important;}&#8221;][stm_icon_box hide_title_line=&#8221;hide_title_line&#8221; icon_size=&#8221;22&#8243; icon_color=&#8221;custom&#8221; icon_bg_color=&#8221;third_bg&#8221; title=&#8221;Soluciones para monitoreo y control&#8221; title_font_size=&#8221;22&#8243; title_line_height=&#8221;30&#8243; icon_color_custom=&#8221;#222222&#8243; css=&#8221;.vc_custom_1611610768776{margin-bottom: 24px !important;}&#8221;][\/stm_icon_box][\/vc_column][vc_column width=&#8221;1\/3&#8243;][vc_single_image image=&#8221;3876&#8243; img_size=&#8221;full&#8221; alignment=&#8221;center&#8221; css=&#8221;.vc_custom_1611607832535{margin-bottom: 0px !important;border-bottom-width: 0px !important;padding-bottom: 0px !important;}&#8221;][stm_icon_box hide_title_line=&#8221;hide_title_line&#8221; icon_size=&#8221;22&#8243; icon_color=&#8221;custom&#8221; icon_bg_color=&#8221;third_bg&#8221; title=&#8221;Consultor\u00eda en despliegues de operaciones, impacto ambiental y gesti\u00f3n del riesgo&#8221; title_font_size=&#8221;22&#8243; title_line_height=&#8221;30&#8243; icon_color_custom=&#8221;#222222&#8243; css=&#8221;.vc_custom_1611610799213{margin-bottom: 24px !important;}&#8221;][\/stm_icon_box][\/vc_column][vc_column width=&#8221;1\/3&#8243;][vc_single_image image=&#8221;3882&#8243; img_size=&#8221;full&#8221; alignment=&#8221;center&#8221; css=&#8221;.vc_custom_1611608440059{margin-bottom: 0px !important;border-bottom-width: 0px !important;padding-bottom: 0px !important;}&#8221;][stm_icon_box hide_title_line=&#8221;hide_title_line&#8221; icon_size=&#8221;22&#8243; icon_color=&#8221;custom&#8221; icon_bg_color=&#8221;third_bg&#8221; title=&#8221;Desarrollo de capacidades del Estado&#8221; title_font_size=&#8221;22&#8243; title_line_height=&#8221;30&#8243; icon_color_custom=&#8221;#222222&#8243; css=&#8221;.vc_custom_1611610932183{margin-bottom: 24px !important;}&#8221;][\/stm_icon_box][\/vc_column][\/vc_row][vc_row][vc_column width=&#8221;1\/3&#8243;][vc_single_image image=&#8221;3899&#8243; img_size=&#8221;full&#8221; alignment=&#8221;center&#8221; css=&#8221;.vc_custom_1611610189958{margin-bottom: 0px !important;border-bottom-width: 0px !important;padding-bottom: 0px !important;}&#8221;][stm_icon_box hide_title_line=&#8221;hide_title_line&#8221; icon_size=&#8221;22&#8243; icon_color=&#8221;custom&#8221; icon_bg_color=&#8221;third_bg&#8221; title=&#8221;Geopol\u00edtica del petr\u00f3leo&#8221; title_font_size=&#8221;22&#8243; title_line_height=&#8221;30&#8243; icon_color_custom=&#8221;#222222&#8243; css=&#8221;.vc_custom_1611611169826{margin-bottom: 24px !important;}&#8221;][\/stm_icon_box][\/vc_column][vc_column width=&#8221;1\/3&#8243;][vc_single_image image=&#8221;3876&#8243; img_size=&#8221;full&#8221; alignment=&#8221;center&#8221; css=&#8221;.vc_custom_1611607832535{margin-bottom: 0px !important;border-bottom-width: 0px !important;padding-bottom: 0px !important;}&#8221;][stm_icon_box hide_title_line=&#8221;hide_title_line&#8221; icon_size=&#8221;22&#8243; icon_color=&#8221;custom&#8221; icon_bg_color=&#8221;third_bg&#8221; title=&#8221;Dise\u00f1o y An\u00e1lisis de pol\u00edticas p\u00fablicas en sector&#8221; title_font_size=&#8221;22&#8243; title_line_height=&#8221;30&#8243; icon_color_custom=&#8221;#222222&#8243; css=&#8221;.vc_custom_1611611196471{margin-bottom: 24px !important;}&#8221;][\/stm_icon_box][\/vc_column][vc_column width=&#8221;1\/3&#8243;][vc_single_image image=&#8221;3876&#8243; img_size=&#8221;full&#8221; alignment=&#8221;center&#8221; css=&#8221;.vc_custom_1611607832535{margin-bottom: 0px !important;border-bottom-width: 0px !important;padding-bottom: 0px !important;}&#8221;][stm_icon_box hide_title_line=&#8221;hide_title_line&#8221; icon_size=&#8221;22&#8243; icon_color=&#8221;custom&#8221; icon_bg_color=&#8221;third_bg&#8221; title=&#8221;Gesti\u00f3n del big data&#8221; title_font_size=&#8221;22&#8243; title_line_height=&#8221;30&#8243; icon_color_custom=&#8221;#222222&#8243; css=&#8221;.vc_custom_1611611215477{margin-bottom: 24px !important;}&#8221;][\/stm_icon_box][\/vc_column][\/vc_row][vc_row full_width=&#8221;stretch_row&#8221; css=&#8221;.vc_custom_1609288175011{margin-bottom: 0px !important;background-color: #ffffff !important;}&#8221;][vc_column][vc_empty_space][vc_column_text]<\/p>\n<p style=\"text-align: center;\"><em>La plataforma tecnol\u00f3gica de soporte desarrollada por SoftLab para proveer sus servicios de capacitaci\u00f3n a distancia (E-learning), tiene como objetivo contribuir a democratizar el conocimiento, concentrado en la industria en expertos y en id\u00f3neos. Es por esto que SoftLab ha formado la Fundaci\u00f3n Krause, que lleva el nombre del primer ingeniero petrolero argentino al mando de la cuadrilla descubridora de hidrocarburos en el pa\u00eds. De esta manera, SoftLab contribuye a que el pa\u00eds exporte ingenier\u00eda en lugar de ingenieros.<\/em><\/p>\n<p>[\/vc_column_text][vc_empty_space][\/vc_column][\/vc_row][vc_row full_width=&#8221;stretch_row&#8221; css=&#8221;.vc_custom_1609288175011{margin-bottom: 0px !important;background-color: #ffffff !important;}&#8221;][vc_column][vc_images_carousel images=&#8221;4475,4479,4480,4483&#8243; img_size=&#8221;full&#8221; autoplay=&#8221;yes&#8221; hide_pagination_control=&#8221;yes&#8221; hide_prev_next_buttons=&#8221;yes&#8221;][vc_btn title=&#8221;QUIERO CAPACITAR&#8221; style=&#8221;flat&#8221; shape=&#8221;square&#8221; color=&#8221;theme_style_3&#8243; size=&#8221;lg&#8221; align=&#8221;center&#8221; link=&#8221;url:https%3A%2F%2Fwa.link%2Fl3jzzd&#8221;][vc_empty_space][\/vc_column][\/vc_row][vc_row full_width=&#8221;stretch_row&#8221; el_class=&#8221;third_bg_color&#8221; css=&#8221;.vc_custom_1451889219674{margin-bottom: -60px !important;}&#8221;][vc_column][vc_cta h2=&#8221;\u00bfEst\u00e1 buscando un aliado para automatizar y optimizar el control de sus operaciones?&#8221; h2_font_container=&#8221;font_size:20px|color:%23ffffff|line_height:24px&#8221; h2_use_theme_fonts=&#8221;yes&#8221; shape=&#8221;square&#8221; style=&#8221;flat&#8221; add_button=&#8221;right&#8221; btn_title=&#8221;cont\u00e1ctenos&#8221; btn_style=&#8221;flat&#8221; btn_color=&#8221;theme_style_2&#8243; btn_align=&#8221;right&#8221; btn_i_align=&#8221;right&#8221; btn_i_icon_fontawesome=&#8221;stm-delhi-chevron-right&#8221; particles=&#8221;yes&#8221; use_custom_fonts_h2=&#8221;true&#8221; btn_button_block=&#8221;true&#8221; btn_add_icon=&#8221;true&#8221; el_class=&#8221;third_bg_color&#8221; css=&#8221;.vc_custom_1612317005552{margin-bottom: 0px !important;}&#8221; btn_link=&#8221;url:https%3A%2F%2Fsoftlab.com.ar%2Fwebv2%2Fcontacto%2F|title:Cont%C3%A1ctenos&#8221;][\/vc_cta][\/vc_column][\/vc_row]<\/p>\n","protected":false},"excerpt":{"rendered":"<p>[vc_row full_width=&#8221;stretch_row&#8221; css=&#8221;.vc_custom_1609288175011{margin-bottom: 0px !important;background-color: #ffffff !important;}&#8221;][vc_column][vc_custom_heading text=&#8221;Capacitaci\u00f3n T\u00e9cnica&#8221; font_container=&#8221;tag:h3|text_align:center&#8221; google_fonts=&#8221;font_family:Montserrat%3Aregular%2C700|font_style:700%20bold%20regular%3A700%3Anormal&#8221; css=&#8221;.vc_custom_1611610425351{margin-bottom: 39px !important;}&#8221; subtitle=&#8221;SoftLab ofrece cursos de capacitaci\u00f3n t\u00e9cnica in company en apoyo a las soluciones que despliega&#8221; subtitle_color=&#8221;#1e1e1e&#8221;][vc_empty_space][\/vc_column][\/vc_row][vc_row][vc_column width=&#8221;1\/4&#8243;][vc_single_image image=&#8221;3897&#8243; img_size=&#8221;full&#8221; alignment=&#8221;center&#8221; css=&#8221;.vc_custom_1611609895665{margin-bottom: 0px !important;border-bottom-width: 0px !important;padding-bottom: 0px !important;}&#8221;][stm_icon_box hide_title_line=&#8221;hide_title_line&#8221; icon_size=&#8221;22&#8243; icon_color=&#8221;custom&#8221; icon_bg_color=&#8221;third_bg&#8221; title=&#8221;Transferencia de Custodia, Control de Mermas y Detecci\u00f3n de P\u00e9rdidas&#8221;<\/p>\n","protected":false},"author":1,"featured_media":0,"parent":0,"menu_order":3,"comment_status":"closed","ping_status":"closed","template":"","meta":[],"_links":{"self":[{"href":"https:\/\/softlab.com.ar\/webv2\/wp-json\/wp\/v2\/pages\/1821"}],"collection":[{"href":"https:\/\/softlab.com.ar\/webv2\/wp-json\/wp\/v2\/pages"}],"about":[{"href":"https:\/\/softlab.com.ar\/webv2\/wp-json\/wp\/v2\/types\/page"}],"author":[{"embeddable":true,"href":"https:\/\/softlab.com.ar\/webv2\/wp-json\/wp\/v2\/users\/1"}],"replies":[{"embeddable":true,"href":"https:\/\/softlab.com.ar\/webv2\/wp-json\/wp\/v2\/comments?post=1821"}],"version-history":[{"count":8,"href":"https:\/\/softlab.com.ar\/webv2\/wp-json\/wp\/v2\/pages\/1821\/revisions"}],"predecessor-version":[{"id":4487,"href":"https:\/\/softlab.com.ar\/webv2\/wp-json\/wp\/v2\/pages\/1821\/revisions\/4487"}],"wp:attachment":[{"href":"https:\/\/softlab.com.ar\/webv2\/wp-json\/wp\/v2\/media?parent=1821"}],"curies":[{"name":"wp","href":"https:\/\/api.w.org\/{rel}","templated":true}]}}