{"id":3927,"date":"2021-01-25T22:36:53","date_gmt":"2021-01-25T22:36:53","guid":{"rendered":"https:\/\/softlab.com.ar\/webv2\/?page_id=3927"},"modified":"2021-12-10T12:46:47","modified_gmt":"2021-12-10T15:46:47","slug":"consultoria","status":"publish","type":"page","link":"https:\/\/softlab.com.ar\/webv2\/consultoria\/","title":{"rendered":"Consultor\u00eda"},"content":{"rendered":"<p>[vc_row full_width=&#8221;stretch_row&#8221; css=&#8221;.vc_custom_1609288175011{margin-bottom: 0px !important;background-color: #ffffff !important;}&#8221;][vc_column][vc_custom_heading text=&#8221;Al margen del trabajo de consultor\u00eda requerido para la implementaci\u00f3n de sus sistemas de informaci\u00f3n, SoftLab cuenta con amplia experiencia y capacidades para llevar adelante consultor\u00eda espec\u00edfica en las siguientes \u00e1reas&#8221; font_container=&#8221;tag:h3|text_align:center&#8221; google_fonts=&#8221;font_family:Montserrat%3Aregular%2C700|font_style:700%20bold%20regular%3A700%3Anormal&#8221; css=&#8221;.vc_custom_1611614408328{margin-bottom: 39px !important;}&#8221; subtitle_color=&#8221;#1e1e1e&#8221;][vc_empty_space][\/vc_column][\/vc_row][vc_row][vc_column width=&#8221;1\/4&#8243;][vc_single_image image=&#8221;3897&#8243; img_size=&#8221;full&#8221; alignment=&#8221;center&#8221; css=&#8221;.vc_custom_1611609895665{margin-bottom: 0px !important;border-bottom-width: 0px !important;padding-bottom: 0px !important;}&#8221;][stm_icon_box hide_title_line=&#8221;hide_title_line&#8221; icon_size=&#8221;22&#8243; icon_color=&#8221;custom&#8221; icon_bg_color=&#8221;third_bg&#8221; title=&#8221;Consultor\u00eda de sistemas, comunicaciones e ingenier\u00eda&#8221; title_font_size=&#8221;22&#8243; title_line_height=&#8221;30&#8243; icon_color_custom=&#8221;#222222&#8243; css=&#8221;.vc_custom_1611614513432{margin-bottom: 24px !important;}&#8221;][\/stm_icon_box][\/vc_column][vc_column width=&#8221;1\/4&#8243;][vc_single_image image=&#8221;3876&#8243; img_size=&#8221;full&#8221; alignment=&#8221;center&#8221; css=&#8221;.vc_custom_1611607832535{margin-bottom: 0px !important;border-bottom-width: 0px !important;padding-bottom: 0px !important;}&#8221;][stm_icon_box hide_title_line=&#8221;hide_title_line&#8221; icon_size=&#8221;22&#8243; icon_color=&#8221;custom&#8221; icon_bg_color=&#8221;third_bg&#8221; title=&#8221;Auditor\u00edas operativas&#8221; title_font_size=&#8221;22&#8243; title_line_height=&#8221;30&#8243; icon_color_custom=&#8221;#222222&#8243; css=&#8221;.vc_custom_1611614535762{margin-bottom: 24px !important;}&#8221;][\/stm_icon_box][\/vc_column][vc_column width=&#8221;1\/4&#8243;][vc_single_image image=&#8221;3882&#8243; img_size=&#8221;full&#8221; alignment=&#8221;center&#8221; css=&#8221;.vc_custom_1611608440059{margin-bottom: 0px !important;border-bottom-width: 0px !important;padding-bottom: 0px !important;}&#8221;][stm_icon_box hide_title_line=&#8221;hide_title_line&#8221; icon_size=&#8221;22&#8243; icon_color=&#8221;custom&#8221; icon_bg_color=&#8221;third_bg&#8221; title=&#8221;Desarrollo, adaptaci\u00f3n e integraci\u00f3n de software y hardware&#8221; title_font_size=&#8221;22&#8243; title_line_height=&#8221;30&#8243; icon_color_custom=&#8221;#222222&#8243; css=&#8221;.vc_custom_1611614559752{margin-bottom: 24px !important;}&#8221;][\/stm_icon_box][\/vc_column][vc_column width=&#8221;1\/4&#8243;][vc_single_image image=&#8221;3880&#8243; img_size=&#8221;full&#8221; alignment=&#8221;center&#8221; css=&#8221;.vc_custom_1611608081556{margin-bottom: 0px !important;border-bottom-width: 0px !important;padding-bottom: 0px !important;}&#8221;][stm_icon_box hide_title_line=&#8221;hide_title_line&#8221; icon_size=&#8221;22&#8243; icon_color=&#8221;custom&#8221; icon_bg_color=&#8221;third_bg&#8221; title=&#8221;Herramientas de visualizaci\u00f3n gr\u00e1fica&#8221; title_font_size=&#8221;22&#8243; title_line_height=&#8221;30&#8243; icon_color_custom=&#8221;#222222&#8243; css=&#8221;.vc_custom_1611614579923{margin-bottom: 24px !important;}&#8221;][\/stm_icon_box][\/vc_column][\/vc_row][vc_row][vc_column width=&#8221;1\/4&#8243;][vc_single_image image=&#8221;3899&#8243; img_size=&#8221;full&#8221; alignment=&#8221;center&#8221; css=&#8221;.vc_custom_1611610189958{margin-bottom: 0px !important;border-bottom-width: 0px !important;padding-bottom: 0px !important;}&#8221;][stm_icon_box hide_title_line=&#8221;hide_title_line&#8221; icon_size=&#8221;22&#8243; icon_color=&#8221;custom&#8221; icon_bg_color=&#8221;third_bg&#8221; title=&#8221;Automatizaci\u00f3n de plantas de despacho de productos a granel&#8221; title_font_size=&#8221;22&#8243; title_line_height=&#8221;30&#8243; icon_color_custom=&#8221;#222222&#8243; css=&#8221;.vc_custom_1611614600837{margin-bottom: 24px !important;}&#8221;][\/stm_icon_box][\/vc_column][vc_column width=&#8221;1\/4&#8243;][vc_single_image image=&#8221;3876&#8243; img_size=&#8221;full&#8221; alignment=&#8221;center&#8221; css=&#8221;.vc_custom_1611607832535{margin-bottom: 0px !important;border-bottom-width: 0px !important;padding-bottom: 0px !important;}&#8221;][stm_icon_box hide_title_line=&#8221;hide_title_line&#8221; icon_size=&#8221;22&#8243; icon_color=&#8221;custom&#8221; icon_bg_color=&#8221;third_bg&#8221; title=&#8221;Automatizaci\u00f3n, diagn\u00f3stico y optimizaci\u00f3n de equipos de bombeo petroleros&#8221; title_font_size=&#8221;22&#8243; title_line_height=&#8221;30&#8243; icon_color_custom=&#8221;#222222&#8243; css=&#8221;.vc_custom_1611614622812{margin-bottom: 24px !important;}&#8221;][\/stm_icon_box][\/vc_column][vc_column width=&#8221;1\/4&#8243;][vc_single_image image=&#8221;3876&#8243; img_size=&#8221;full&#8221; alignment=&#8221;center&#8221; css=&#8221;.vc_custom_1611607832535{margin-bottom: 0px !important;border-bottom-width: 0px !important;padding-bottom: 0px !important;}&#8221;][stm_icon_box hide_title_line=&#8221;hide_title_line&#8221; icon_size=&#8221;22&#8243; icon_color=&#8221;custom&#8221; icon_bg_color=&#8221;third_bg&#8221; title=&#8221;Ingenier\u00eda de producci\u00f3n y de reservorios de petr\u00f3leo&#8221; title_font_size=&#8221;22&#8243; title_line_height=&#8221;30&#8243; icon_color_custom=&#8221;#222222&#8243; css=&#8221;.vc_custom_1611614645857{margin-bottom: 24px !important;}&#8221;][\/stm_icon_box][\/vc_column][vc_column width=&#8221;1\/4&#8243;][vc_single_image image=&#8221;3876&#8243; img_size=&#8221;full&#8221; alignment=&#8221;center&#8221; css=&#8221;.vc_custom_1611607832535{margin-bottom: 0px !important;border-bottom-width: 0px !important;padding-bottom: 0px !important;}&#8221;][stm_icon_box hide_title_line=&#8221;hide_title_line&#8221; icon_size=&#8221;22&#8243; icon_color=&#8221;custom&#8221; icon_bg_color=&#8221;third_bg&#8221; title=&#8221;Informatizaci\u00f3n de laboratorios en plantas de procesos&#8221; title_font_size=&#8221;22&#8243; title_line_height=&#8221;30&#8243; icon_color_custom=&#8221;#222222&#8243; css=&#8221;.vc_custom_1611614659873{margin-bottom: 24px !important;}&#8221;][\/stm_icon_box][\/vc_column][\/vc_row][vc_row][vc_column width=&#8221;1\/4&#8243;][vc_single_image image=&#8221;3899&#8243; img_size=&#8221;full&#8221; alignment=&#8221;center&#8221; css=&#8221;.vc_custom_1611610189958{margin-bottom: 0px !important;border-bottom-width: 0px !important;padding-bottom: 0px !important;}&#8221;][stm_icon_box hide_title_line=&#8221;hide_title_line&#8221; icon_size=&#8221;22&#8243; icon_color=&#8221;custom&#8221; icon_bg_color=&#8221;third_bg&#8221; title=&#8221;Contabilidad de producci\u00f3n, balances de masa, energ\u00eda y conciliaci\u00f3n de datos&#8221; title_font_size=&#8221;22&#8243; title_line_height=&#8221;30&#8243; icon_color_custom=&#8221;#222222&#8243; css=&#8221;.vc_custom_1611614988912{margin-bottom: 24px !important;}&#8221;][\/stm_icon_box][\/vc_column][vc_column width=&#8221;1\/4&#8243;][vc_single_image image=&#8221;3876&#8243; img_size=&#8221;full&#8221; alignment=&#8221;center&#8221; css=&#8221;.vc_custom_1611607832535{margin-bottom: 0px !important;border-bottom-width: 0px !important;padding-bottom: 0px !important;}&#8221;][stm_icon_box hide_title_line=&#8221;hide_title_line&#8221; icon_size=&#8221;22&#8243; icon_color=&#8221;custom&#8221; icon_bg_color=&#8221;third_bg&#8221; title=&#8221;Conciliaci\u00f3n de Datos en Industrias de Proceso, y en Manejo de Existencias, Movimientos y Control de Mermas en la Industria de Hidrocarburos&#8221; title_font_size=&#8221;22&#8243; title_line_height=&#8221;30&#8243; icon_color_custom=&#8221;#222222&#8243; css=&#8221;.vc_custom_1611615012480{margin-bottom: 24px !important;}&#8221;][\/stm_icon_box][\/vc_column][vc_column width=&#8221;1\/4&#8243;][vc_single_image image=&#8221;3876&#8243; img_size=&#8221;full&#8221; alignment=&#8221;center&#8221; css=&#8221;.vc_custom_1639069670910{margin-bottom: 0px !important;border-bottom-width: 0px !important;padding-bottom: 0px !important;}&#8221;][stm_icon_box hide_title_line=&#8221;hide_title_line&#8221; icon_size=&#8221;22&#8243; icon_color=&#8221;custom&#8221; icon_bg_color=&#8221;third_bg&#8221; title=&#8221;Preparaci\u00f3n de especificaciones y pliegos de licitaciones&#8221; title_font_size=&#8221;22&#8243; title_line_height=&#8221;30&#8243; icon_color_custom=&#8221;#222222&#8243; css=&#8221;.vc_custom_1611615131747{margin-bottom: 24px !important;}&#8221;][\/stm_icon_box][\/vc_column][vc_column width=&#8221;1\/4&#8243;][vc_single_image image=&#8221;3876&#8243; img_size=&#8221;full&#8221; alignment=&#8221;center&#8221; css=&#8221;.vc_custom_1639069682745{margin-bottom: 0px !important;border-bottom-width: 0px !important;padding-bottom: 0px !important;}&#8221;][stm_icon_box hide_title_line=&#8221;hide_title_line&#8221; icon_size=&#8221;22&#8243; icon_color=&#8221;custom&#8221; icon_bg_color=&#8221;third_bg&#8221; title=&#8221;Gesti\u00f3n de Bases de Datos de Producci\u00f3n&#8221; title_font_size=&#8221;22&#8243; title_line_height=&#8221;30&#8243; icon_color_custom=&#8221;#222222&#8243; css=&#8221;.vc_custom_1639069611796{margin-bottom: 24px !important;}&#8221;][\/stm_icon_box][\/vc_column][\/vc_row][vc_row][vc_column width=&#8221;1\/4&#8243;][vc_single_image image=&#8221;3899&#8243; img_size=&#8221;full&#8221; alignment=&#8221;center&#8221; css=&#8221;.vc_custom_1611610189958{margin-bottom: 0px !important;border-bottom-width: 0px !important;padding-bottom: 0px !important;}&#8221;][stm_icon_box hide_title_line=&#8221;hide_title_line&#8221; icon_size=&#8221;22&#8243; icon_color=&#8221;custom&#8221; icon_bg_color=&#8221;third_bg&#8221; title=&#8221;Operaci\u00f3n y Automatizaci\u00f3n de Plantas de Despacho&#8221; title_font_size=&#8221;22&#8243; title_line_height=&#8221;30&#8243; icon_color_custom=&#8221;#222222&#8243; css=&#8221;.vc_custom_1611615256543{margin-bottom: 24px !important;}&#8221;][\/stm_icon_box][\/vc_column][vc_column width=&#8221;1\/4&#8243;][vc_single_image image=&#8221;3876&#8243; img_size=&#8221;full&#8221; alignment=&#8221;center&#8221; css=&#8221;.vc_custom_1611607832535{margin-bottom: 0px !important;border-bottom-width: 0px !important;padding-bottom: 0px !important;}&#8221;][stm_icon_box hide_title_line=&#8221;hide_title_line&#8221; icon_size=&#8221;22&#8243; icon_color=&#8221;custom&#8221; icon_bg_color=&#8221;third_bg&#8221; title=&#8221;Telesupervisi\u00f3n y control de yacimientos&#8221; title_font_size=&#8221;22&#8243; title_line_height=&#8221;30&#8243; icon_color_custom=&#8221;#222222&#8243; css=&#8221;.vc_custom_1611615281425{margin-bottom: 24px !important;}&#8221;][\/stm_icon_box][\/vc_column][vc_column width=&#8221;1\/4&#8243;][vc_single_image image=&#8221;3876&#8243; img_size=&#8221;full&#8221; alignment=&#8221;center&#8221; css=&#8221;.vc_custom_1611607832535{margin-bottom: 0px !important;border-bottom-width: 0px !important;padding-bottom: 0px !important;}&#8221;][stm_icon_box hide_title_line=&#8221;hide_title_line&#8221; icon_size=&#8221;22&#8243; icon_color=&#8221;custom&#8221; icon_bg_color=&#8221;third_bg&#8221; title=&#8221;Control de Mermas&#8221; title_font_size=&#8221;22&#8243; title_line_height=&#8221;30&#8243; icon_color_custom=&#8221;#222222&#8243; css=&#8221;.vc_custom_1611615301855{margin-bottom: 24px !important;}&#8221;][\/stm_icon_box][\/vc_column][vc_column width=&#8221;1\/4&#8243;][vc_single_image image=&#8221;3876&#8243; img_size=&#8221;full&#8221; alignment=&#8221;center&#8221; css=&#8221;.vc_custom_1611607832535{margin-bottom: 0px !important;border-bottom-width: 0px !important;padding-bottom: 0px !important;}&#8221;][stm_icon_box hide_title_line=&#8221;hide_title_line&#8221; icon_size=&#8221;22&#8243; icon_color=&#8221;custom&#8221; icon_bg_color=&#8221;third_bg&#8221; title=&#8221;Control de Operaciones en pozos de petr\u00f3leo&#8221; title_font_size=&#8221;22&#8243; title_line_height=&#8221;30&#8243; icon_color_custom=&#8221;#222222&#8243; css=&#8221;.vc_custom_1611615316432{margin-bottom: 24px !important;}&#8221;][\/stm_icon_box][\/vc_column][\/vc_row][vc_row][vc_column width=&#8221;1\/4&#8243;][vc_single_image image=&#8221;3899&#8243; img_size=&#8221;full&#8221; alignment=&#8221;center&#8221; css=&#8221;.vc_custom_1611610189958{margin-bottom: 0px !important;border-bottom-width: 0px !important;padding-bottom: 0px !important;}&#8221;][stm_icon_box hide_title_line=&#8221;hide_title_line&#8221; icon_size=&#8221;22&#8243; icon_color=&#8221;custom&#8221; icon_bg_color=&#8221;third_bg&#8221; title=&#8221;Supervisi\u00f3n y control de sistemas de extracci\u00f3n artificial para pozos de petr\u00f3leo&#8221; title_font_size=&#8221;22&#8243; title_line_height=&#8221;30&#8243; icon_color_custom=&#8221;#222222&#8243; css=&#8221;.vc_custom_1611615450436{margin-bottom: 24px !important;}&#8221;][\/stm_icon_box][\/vc_column][vc_column width=&#8221;1\/4&#8243;][vc_single_image image=&#8221;3876&#8243; img_size=&#8221;full&#8221; alignment=&#8221;center&#8221; css=&#8221;.vc_custom_1611607832535{margin-bottom: 0px !important;border-bottom-width: 0px !important;padding-bottom: 0px !important;}&#8221;][stm_icon_box hide_title_line=&#8221;hide_title_line&#8221; icon_size=&#8221;22&#8243; icon_color=&#8221;custom&#8221; icon_bg_color=&#8221;third_bg&#8221; title=&#8221;Gesti\u00f3n de Laboratorio (LIMS)&#8221; title_font_size=&#8221;22&#8243; title_line_height=&#8221;30&#8243; icon_color_custom=&#8221;#222222&#8243; css=&#8221;.vc_custom_1611615474009{margin-bottom: 24px !important;}&#8221;][\/stm_icon_box][\/vc_column][vc_column width=&#8221;1\/4&#8243;][vc_single_image image=&#8221;3876&#8243; img_size=&#8221;full&#8221; alignment=&#8221;center&#8221; css=&#8221;.vc_custom_1611607832535{margin-bottom: 0px !important;border-bottom-width: 0px !important;padding-bottom: 0px !important;}&#8221;][stm_icon_box hide_title_line=&#8221;hide_title_line&#8221; icon_size=&#8221;22&#8243; icon_color=&#8221;custom&#8221; icon_bg_color=&#8221;third_bg&#8221; title=&#8221;Gesti\u00f3n del Riesgo Operacional. Desarrollo de mapa de riesgo&#8221; title_font_size=&#8221;22&#8243; title_line_height=&#8221;30&#8243; icon_color_custom=&#8221;#222222&#8243; css=&#8221;.vc_custom_1611615496932{margin-bottom: 24px !important;}&#8221;][\/stm_icon_box][\/vc_column][vc_column width=&#8221;1\/4&#8243;][vc_single_image image=&#8221;3876&#8243; img_size=&#8221;full&#8221; alignment=&#8221;center&#8221; css=&#8221;.vc_custom_1611607832535{margin-bottom: 0px !important;border-bottom-width: 0px !important;padding-bottom: 0px !important;}&#8221;][stm_icon_box hide_title_line=&#8221;hide_title_line&#8221; icon_size=&#8221;22&#8243; icon_color=&#8221;custom&#8221; icon_bg_color=&#8221;third_bg&#8221; title=&#8221;Anal\u00edtica de datos&#8221; title_font_size=&#8221;22&#8243; title_line_height=&#8221;30&#8243; icon_color_custom=&#8221;#222222&#8243; css=&#8221;.vc_custom_1611615522206{margin-bottom: 24px !important;}&#8221;][\/stm_icon_box][\/vc_column][\/vc_row][vc_row][vc_column width=&#8221;1\/4&#8243;][vc_single_image image=&#8221;3899&#8243; img_size=&#8221;full&#8221; alignment=&#8221;center&#8221; css=&#8221;.vc_custom_1611610189958{margin-bottom: 0px !important;border-bottom-width: 0px !important;padding-bottom: 0px !important;}&#8221;][stm_icon_box hide_title_line=&#8221;hide_title_line&#8221; icon_size=&#8221;22&#8243; icon_color=&#8221;custom&#8221; icon_bg_color=&#8221;third_bg&#8221; title=&#8221;Optimizaci\u00f3n de procedimientos&#8221; title_font_size=&#8221;22&#8243; title_line_height=&#8221;30&#8243; icon_color_custom=&#8221;#222222&#8243; css=&#8221;.vc_custom_1611615546873{margin-bottom: 24px !important;}&#8221;][\/stm_icon_box][\/vc_column][vc_column width=&#8221;1\/4&#8243;][vc_single_image image=&#8221;3876&#8243; img_size=&#8221;full&#8221; alignment=&#8221;center&#8221; css=&#8221;.vc_custom_1611607832535{margin-bottom: 0px !important;border-bottom-width: 0px !important;padding-bottom: 0px !important;}&#8221;][stm_icon_box hide_title_line=&#8221;hide_title_line&#8221; icon_size=&#8221;22&#8243; icon_color=&#8221;custom&#8221; icon_bg_color=&#8221;third_bg&#8221; title=&#8221;Desarrollo de rutinas y listas de chequeo&#8221; title_font_size=&#8221;22&#8243; title_line_height=&#8221;30&#8243; icon_color_custom=&#8221;#222222&#8243; css=&#8221;.vc_custom_1611615560246{margin-bottom: 24px !important;}&#8221;][\/stm_icon_box][\/vc_column][vc_column width=&#8221;1\/4&#8243;][vc_single_image image=&#8221;3899&#8243; alignment=&#8221;center&#8221; css=&#8221;.vc_custom_1639151168332{margin-bottom: 0px !important;border-bottom-width: 0px !important;padding-bottom: 0px !important;}&#8221;][stm_icon_box hide_title_line=&#8221;hide_title_line&#8221; icon_size=&#8221;22&#8243; icon_color=&#8221;custom&#8221; icon_bg_color=&#8221;third_bg&#8221; title=&#8221;Gesti\u00f3n de riesgos ESG&#8221; title_font_size=&#8221;22&#8243; title_line_height=&#8221;30&#8243; icon_color_custom=&#8221;#000000&#8243; css=&#8221;.vc_custom_1639150961092{margin-bottom: 24px !important;}&#8221;][\/stm_icon_box][\/vc_column][vc_column width=&#8221;1\/4&#8243;][vc_single_image image=&#8221;3899&#8243; alignment=&#8221;center&#8221; css=&#8221;.vc_custom_1639151199982{margin-bottom: 0px !important;border-bottom-width: 0px !important;padding-bottom: 0px !important;}&#8221;][stm_icon_box title_color=&#8221;custom&#8221; hide_title_line=&#8221;hide_title_line&#8221; icon_size=&#8221;22&#8243; icon_color=&#8221;custom&#8221; icon_bg_color=&#8221;third_bg&#8221; title=&#8221;Contabilidad de emisiones e intensidad de carbono&#8221; title_color_custom=&#8221;#000000&#8243; title_font_size=&#8221;22&#8243; title_line_height=&#8221;30&#8243; css=&#8221;.vc_custom_1639150977377{margin-bottom: 24px !important;}&#8221;][\/stm_icon_box][\/vc_column][\/vc_row][vc_row full_width=&#8221;stretch_row&#8221; css=&#8221;.vc_custom_1609288175011{margin-bottom: 0px !important;background-color: #ffffff !important;}&#8221;][vc_column][vc_empty_space][\/vc_column][\/vc_row][vc_row full_width=&#8221;stretch_row&#8221; css=&#8221;.vc_custom_1609288175011{margin-bottom: 0px !important;background-color: #ffffff !important;}&#8221;][vc_column][vc_empty_space][vc_empty_space][\/vc_column][\/vc_row][vc_row full_width=&#8221;stretch_row&#8221; el_class=&#8221;third_bg_color&#8221; css=&#8221;.vc_custom_1451889219674{margin-bottom: -60px !important;}&#8221;][vc_column][vc_cta h2=&#8221;\u00bfEst\u00e1 buscando un aliado para automatizar y optimizar el control de sus operaciones?&#8221; h2_font_container=&#8221;font_size:20px|color:%23ffffff|line_height:24px&#8221; h2_use_theme_fonts=&#8221;yes&#8221; shape=&#8221;square&#8221; style=&#8221;flat&#8221; add_button=&#8221;right&#8221; btn_title=&#8221;cont\u00e1ctenos&#8221; btn_style=&#8221;flat&#8221; btn_color=&#8221;theme_style_2&#8243; btn_align=&#8221;right&#8221; btn_i_align=&#8221;right&#8221; btn_i_icon_fontawesome=&#8221;stm-delhi-chevron-right&#8221; particles=&#8221;yes&#8221; use_custom_fonts_h2=&#8221;true&#8221; btn_button_block=&#8221;true&#8221; btn_add_icon=&#8221;true&#8221; el_class=&#8221;third_bg_color&#8221; css=&#8221;.vc_custom_1612317046950{margin-bottom: 0px !important;}&#8221; btn_link=&#8221;url:https%3A%2F%2Fsoftlab.com.ar%2Fwebv2%2Fcontacto%2F|title:Cont%C3%A1ctenos&#8221;][\/vc_cta][\/vc_column][\/vc_row]<\/p>\n","protected":false},"excerpt":{"rendered":"<p>[vc_row full_width=&#8221;stretch_row&#8221; css=&#8221;.vc_custom_1609288175011{margin-bottom: 0px !important;background-color: #ffffff !important;}&#8221;][vc_column][vc_custom_heading text=&#8221;Al margen del trabajo de consultor\u00eda requerido para la implementaci\u00f3n de sus sistemas de informaci\u00f3n, SoftLab cuenta con amplia experiencia y capacidades para llevar adelante consultor\u00eda espec\u00edfica en las siguientes \u00e1reas&#8221; font_container=&#8221;tag:h3|text_align:center&#8221; google_fonts=&#8221;font_family:Montserrat%3Aregular%2C700|font_style:700%20bold%20regular%3A700%3Anormal&#8221; css=&#8221;.vc_custom_1611614408328{margin-bottom: 39px !important;}&#8221; subtitle_color=&#8221;#1e1e1e&#8221;][vc_empty_space][\/vc_column][\/vc_row][vc_row][vc_column width=&#8221;1\/4&#8243;][vc_single_image image=&#8221;3897&#8243; img_size=&#8221;full&#8221; alignment=&#8221;center&#8221; css=&#8221;.vc_custom_1611609895665{margin-bottom: 0px !important;border-bottom-width: 0px !important;padding-bottom: 0px !important;}&#8221;][stm_icon_box<\/p>\n","protected":false},"author":1,"featured_media":0,"parent":0,"menu_order":5,"comment_status":"closed","ping_status":"closed","template":"","meta":[],"_links":{"self":[{"href":"https:\/\/softlab.com.ar\/webv2\/wp-json\/wp\/v2\/pages\/3927"}],"collection":[{"href":"https:\/\/softlab.com.ar\/webv2\/wp-json\/wp\/v2\/pages"}],"about":[{"href":"https:\/\/softlab.com.ar\/webv2\/wp-json\/wp\/v2\/types\/page"}],"author":[{"embeddable":true,"href":"https:\/\/softlab.com.ar\/webv2\/wp-json\/wp\/v2\/users\/1"}],"replies":[{"embeddable":true,"href":"https:\/\/softlab.com.ar\/webv2\/wp-json\/wp\/v2\/comments?post=3927"}],"version-history":[{"count":9,"href":"https:\/\/softlab.com.ar\/webv2\/wp-json\/wp\/v2\/pages\/3927\/revisions"}],"predecessor-version":[{"id":4139,"href":"https:\/\/softlab.com.ar\/webv2\/wp-json\/wp\/v2\/pages\/3927\/revisions\/4139"}],"wp:attachment":[{"href":"https:\/\/softlab.com.ar\/webv2\/wp-json\/wp\/v2\/media?parent=3927"}],"curies":[{"name":"wp","href":"https:\/\/api.w.org\/{rel}","templated":true}]}}