{"id":4262,"date":"2024-09-19T16:38:11","date_gmt":"2024-09-19T19:38:11","guid":{"rendered":"https:\/\/softlab.com.ar\/webv2\/?page_id=4262"},"modified":"2025-07-16T13:10:46","modified_gmt":"2025-07-16T16:10:46","slug":"novedades","status":"publish","type":"page","link":"https:\/\/softlab.com.ar\/webv2\/novedades\/","title":{"rendered":"Novedades"},"content":{"rendered":"<p>[vc_row][vc_column][vc_custom_heading icon_size=&#8221;2&#8243; text=&#8221;Novedades&#8221; font_container=&#8221;tag:h3|text_align:left&#8221;][vc_custom_heading icon_size=&#8221;2&#8243; text=&#8221;Sistema Integral para la Gesti\u00f3n de Laboratorios Geot\u00e9cnicos&#8221; font_container=&#8221;tag:h3|text_align:left&#8221;][\/vc_column][\/vc_row][vc_row][vc_column width=&#8221;1\/2&#8243;][vc_column_text]<\/p>\n<p style=\"text-align: justify;\">\n    IGL-SLAB es una avanzada aplicaci\u00f3n web dise\u00f1ada para optimizar la gesti\u00f3n de laboratorios de geotecnia y mec\u00e1nica de suelos. Facilita el seguimiento completo de muestras, desde su obtenci\u00f3n hasta la entrega de informes, incluyendo agendamiento de ensayos, c\u00e1lculos automatizados, visualizaci\u00f3n de resultados y generaci\u00f3n de informes en varios idiomas. El sistema asegura trazabilidad, permite integraci\u00f3n con laboratorios externos y es adaptable a normativas internacionales como ISO, UNE y ASTM. Adem\u00e1s, ofrece exportaci\u00f3n en formato AGS, garantizando una comunicaci\u00f3n eficiente y estandarizaci\u00f3n de procesos.[\/vc_column_text][\/vc_column][vc_column width=&#8221;1\/2&#8243;][vc_empty_space][vc_column_text]<\/p>\n<div id=\"videoolra\"><video controls=\"controls\" width=\"100%\" height=\"100%\"><br \/><source src=\"https:\/\/www.softlab.com.ar\/video\/IGL-SLAB.mp4\" type=\"video\/mp4\" preload=\"auto\" \/><br \/>\nYour browser does not support the video tag.<br \/><\/video><\/div>\n<p>[\/vc_column_text][vc_btn title=&#8221;Quiero una Demo&#8221; style=&#8221;flat&#8221; shape=&#8221;square&#8221; color=&#8221;theme_style_3&#8243; size=&#8221;lg&#8221; align=&#8221;center&#8221; link=&#8221;url:http%3A%2F%2Fwa.link%2Fsdgjhd|title:DEMO&#8221;][\/vc_column][\/vc_row][vc_row][vc_column][vc_empty_space][\/vc_column][\/vc_row][vc_row gap=&#8221;2&#8243; full_height=&#8221;yes&#8221;][vc_column width=&#8221;1\/2&#8243;][vc_single_image image=&#8221;4363&#8243; img_size=&#8221;full&#8221; add_caption=&#8221;yes&#8221; alignment=&#8221;center&#8221; css=&#8221;.vc_custom_1727367721133{padding-top: 20px !important;}&#8221;][vc_btn title=&#8221;Descargar&#8221; style=&#8221;flat&#8221; shape=&#8221;square&#8221; color=&#8221;theme_style_3&#8243; size=&#8221;lg&#8221; align=&#8221;center&#8221; link=&#8221;url:https%3A%2F%2Fwww.softlab.com.ar%2Ftempdownloads%2FSISCO%2FSoftLab_SISCO_2024_Trabajo_3035.ppt&#8221;][\/vc_column][vc_column width=&#8221;1\/2&#8243;][vc_single_image image=&#8221;4364&#8243; img_size=&#8221;full&#8221; css=&#8221;.vc_custom_1727367734995{padding-top: 20px !important;}&#8221;][vc_btn title=&#8221;Descargar&#8221; style=&#8221;flat&#8221; shape=&#8221;square&#8221; color=&#8221;theme_style_3&#8243; size=&#8221;lg&#8221; align=&#8221;center&#8221; link=&#8221;url:https%3A%2F%2Fwww.softlab.com.ar%2Ftempdownloads%2FSISCO%2FSoftLab_SISCO_2024_Trabajo_3036.ppt&#8221;][\/vc_column][\/vc_row][vc_row][vc_column][vc_custom_heading icon_size=&#8221;2&#8243; text=&#8221;&#8221; font_container=&#8221;tag:h3|text_align:left&#8221;][vc_custom_heading icon_size=&#8221;2&#8243; text=&#8221;Charla t\u00e9cnica gratuita sobre an\u00e1lisis no invasivo en petr\u00f3leo con IA, por Mercedes Bertotto de SoftLab.&#8221; font_container=&#8221;tag:h3|text_align:left&#8221;][\/vc_column][\/vc_row][vc_row][vc_column width=&#8221;1\/2&#8243;][vc_single_image image=&#8221;4521&#8243; img_size=&#8221;large&#8221; alignment=&#8221;center&#8221; style=&#8221;vc_box_border&#8221;][\/vc_column][vc_column width=&#8221;1\/2&#8243;][vc_column_text]SPE Argentina &#8211; D&amp;I Ciclo de Charlas T\u00e9cnicas con Mujeres Profesionales<\/p>\n<p>Charla: De la luz al dato. &#8220;Petr\u00f3leo al instante: An\u00e1lisis No Invasivo con Infrarrojo Cercano + AI para Decisiones en el Tiempo Real&#8221;<\/p>\n<p>\ud83d\udd39 Disertante: Dra. Mercedes Bertotto<br \/>\n(Vibralytics &amp; SoftLab)<\/p>\n<p>\u23f1 Duraci\u00f3n: 40 minutos<\/p>\n<p>\ud83d\uddd3 Fecha: 28 de julio 2025<\/p>\n<p>\ud83d\udd57 Horario: 12.00 hs Arg (GTM-3)<\/p>\n<p>\ud83d\udccdModalidad: Virtual &#8211; Evento no arancelado &#8211; Plataforma Teams[\/vc_column_text][vc_btn title=&#8221;M\u00e1s informaci\u00f3n e Inscripci\u00f3n&#8221; style=&#8221;flat&#8221; shape=&#8221;square&#8221; color=&#8221;theme_style_3&#8243; size=&#8221;lg&#8221; align=&#8221;center&#8221; link=&#8221;url:https%3A%2F%2Fbit.ly%2F46dBBjf|title:M%C3%A1s%20informaci%C3%B3n%20e%20Inscripci%C3%B3n&#8221;][\/vc_column][\/vc_row]<\/p>\n","protected":false},"excerpt":{"rendered":"<p>[vc_row][vc_column][vc_custom_heading icon_size=&#8221;2&#8243; text=&#8221;Novedades&#8221; font_container=&#8221;tag:h3|text_align:left&#8221;][vc_custom_heading icon_size=&#8221;2&#8243; text=&#8221;Sistema Integral para la Gesti\u00f3n de Laboratorios Geot\u00e9cnicos&#8221; font_container=&#8221;tag:h3|text_align:left&#8221;][\/vc_column][\/vc_row][vc_row][vc_column width=&#8221;1\/2&#8243;][vc_column_text] IGL-SLAB es una avanzada aplicaci\u00f3n web dise\u00f1ada para optimizar la gesti\u00f3n de laboratorios de geotecnia y mec\u00e1nica de suelos. Facilita el seguimiento completo de muestras, desde su obtenci\u00f3n hasta la entrega de informes, incluyendo agendamiento de ensayos, c\u00e1lculos automatizados, visualizaci\u00f3n<\/p>\n","protected":false},"author":7,"featured_media":0,"parent":0,"menu_order":1,"comment_status":"closed","ping_status":"closed","template":"","meta":[],"_links":{"self":[{"href":"https:\/\/softlab.com.ar\/webv2\/wp-json\/wp\/v2\/pages\/4262"}],"collection":[{"href":"https:\/\/softlab.com.ar\/webv2\/wp-json\/wp\/v2\/pages"}],"about":[{"href":"https:\/\/softlab.com.ar\/webv2\/wp-json\/wp\/v2\/types\/page"}],"author":[{"embeddable":true,"href":"https:\/\/softlab.com.ar\/webv2\/wp-json\/wp\/v2\/users\/7"}],"replies":[{"embeddable":true,"href":"https:\/\/softlab.com.ar\/webv2\/wp-json\/wp\/v2\/comments?post=4262"}],"version-history":[{"count":79,"href":"https:\/\/softlab.com.ar\/webv2\/wp-json\/wp\/v2\/pages\/4262\/revisions"}],"predecessor-version":[{"id":4525,"href":"https:\/\/softlab.com.ar\/webv2\/wp-json\/wp\/v2\/pages\/4262\/revisions\/4525"}],"wp:attachment":[{"href":"https:\/\/softlab.com.ar\/webv2\/wp-json\/wp\/v2\/media?parent=4262"}],"curies":[{"name":"wp","href":"https:\/\/api.w.org\/{rel}","templated":true}]}}