{"id":558,"date":"2016-01-13T17:48:37","date_gmt":"2016-01-13T17:48:37","guid":{"rendered":"http:\/\/consulting.stylemixthemes.com\/demo\/?page_id=558"},"modified":"2021-05-03T14:30:37","modified_gmt":"2021-05-03T17:30:37","slug":"soluciones","status":"publish","type":"page","link":"https:\/\/softlab.com.ar\/webv2\/soluciones\/","title":{"rendered":"Soluciones"},"content":{"rendered":"<p>[vc_row][vc_column][vc_column_text]<\/p>\n<p style=\"text-align: center;\">Nuestras soluciones inteligentes incluyen servicios de consultor\u00eda para el dise\u00f1o, desarrollo, implementaci\u00f3n e integraci\u00f3n de procesos y sistemas en funci\u00f3n de las necesidades y articulan productos de software propios (infraestructura, plataformas y aplicaciones), dispositivos de medici\u00f3n, normativa espec\u00edfica y capacitaci\u00f3n<\/p>\n<p>[\/vc_column_text][vc_empty_space][vc_row_inner][vc_column_inner width=&#8221;1\/2&#8243;][vc_column_text]<strong>El dise\u00f1o de soluciones contempla tres opciones de procesos para la incorporaci\u00f3n de IT a sus necesidades:<\/strong>[\/vc_column_text]<ul class=\"vckit-checklist-list\">\n      <li style=\"font-size:;color:;margin-bottom:\">\n            <i class=\"fas fa-check \"\n        style=\"color: #22c76a;font-size: \">\n      <\/i>\n                    <span>Soluci\u00f3n llave en mano de automatizaci\u00f3n, digitalizaci\u00f3n de yacimientos, gesti\u00f3n de operaciones y monitoreo de pozos. <\/span>\n          <\/li>\n      <li style=\"font-size:;color:;margin-bottom:\">\n            <i class=\"fas fa-check \"\n        style=\"color: #22c76a;font-size: \">\n      <\/i>\n                    <span>Consultor\u00eda de integraci\u00f3n de sistemas, equipos y componentes propios en sus soluciones de ingenier\u00eda. <\/span>\n          <\/li>\n      <li style=\"font-size:;color:;margin-bottom:\">\n            <i class=\"fas fa-check \"\n        style=\"color: #22c76a;font-size: \">\n      <\/i>\n                    <span>Provisi\u00f3n de sistemas, equipos y componentes. <\/span>\n          <\/li>\n  <\/ul>\n[\/vc_column_inner][vc_column_inner width=&#8221;1\/2&#8243;][vc_column_text]<strong>Nuestro abordaje abarcativo contempla los siguientes procesos:<\/strong>[\/vc_column_text]<ul class=\"vckit-checklist-list\">\n      <li style=\"font-size:;color:;margin-bottom:\">\n            <i class=\"fas fa-check \"\n        style=\"color: #22c76a;font-size: \">\n      <\/i>\n                    <span>Consultor\u00eda de diagn\u00f3stico. <\/span>\n          <\/li>\n      <li style=\"font-size:;color:;margin-bottom:\">\n            <i class=\"fas fa-check \"\n        style=\"color: #22c76a;font-size: \">\n      <\/i>\n                    <span>Dise\u00f1o y desarrollo colaborativo de la soluci\u00f3n articulada con la infraestructura de la empresa. <\/span>\n          <\/li>\n      <li style=\"font-size:;color:;margin-bottom:\">\n            <i class=\"fas fa-check \"\n        style=\"color: #22c76a;font-size: \">\n      <\/i>\n                    <span>Implementaci\u00f3n de soluciones y despliegue de medios. <\/span>\n          <\/li>\n      <li style=\"font-size:;color:;margin-bottom:\">\n            <i class=\"fas fa-check \"\n        style=\"color: #22c76a;font-size: \">\n      <\/i>\n                    <span>Capacitaci\u00f3n. <\/span>\n          <\/li>\n      <li style=\"font-size:;color:;margin-bottom:\">\n            <i class=\"fas fa-check \"\n        style=\"color: #22c76a;font-size: \">\n      <\/i>\n                    <span>Normativa interna de calidad y seguridad vinculada a las soluciones. <\/span>\n          <\/li>\n      <li style=\"font-size:;color:;margin-bottom:\">\n            <i class=\"fas fa-check \"\n        style=\"color: #22c76a;font-size: \">\n      <\/i>\n                    <span>Integraci\u00f3n a sistemas corporativos de gesti\u00f3n, de cadena de suministros, de gesti\u00f3n del conocimiento, etc. (ERP, SCMS,KMS, etc.). <\/span>\n          <\/li>\n      <li style=\"font-size:;color:;margin-bottom:\">\n            <i class=\"fas fa-check \"\n        style=\"color: #22c76a;font-size: \">\n      <\/i>\n                    <span>Desarrollo y despliegue de sistemas de listas de chequeo para operaci\u00f3n y mantenimiento. <\/span>\n          <\/li>\n  <\/ul>\n[\/vc_column_inner][\/vc_row_inner][\/vc_column][\/vc_row][vc_row full_width=&#8221;stretch_row_content&#8221;][vc_column][vc_empty_space][stm_services posts_per_page=&#8221;12&#8243; posts_per_row=&#8221;3&#8243; img_size=&#8221;full&#8221;][\/vc_column][\/vc_row][vc_row full_width=&#8221;stretch_row&#8221; css=&#8221;.vc_custom_1459505959648{margin-bottom: -60px !important;}&#8221; el_class=&#8221;third_bg_color&#8221;][vc_column][vc_cta h2=&#8221;\u00bfEst\u00e1 buscando un aliado para automatizar y optimizar el control de sus operaciones?&#8221; h2_font_container=&#8221;font_size:20px|color:%23ffffff|line_height:24px&#8221; h2_use_theme_fonts=&#8221;yes&#8221; shape=&#8221;square&#8221; style=&#8221;flat&#8221; add_button=&#8221;right&#8221; btn_title=&#8221;cont\u00e1ctenos&#8221; btn_style=&#8221;flat&#8221; btn_color=&#8221;theme_style_2&#8243; btn_align=&#8221;right&#8221; btn_i_align=&#8221;right&#8221; btn_i_icon_fontawesome=&#8221;fas fa-chevron-right&#8221; particles=&#8221;yes&#8221; use_custom_fonts_h2=&#8221;true&#8221; btn_add_icon=&#8221;true&#8221; btn_link=&#8221;url:https%3A%2F%2Fsoftlab.com.ar%2Fwebv2%2Fcontacto%2F|title:Contacto&#8221; el_class=&#8221;third_bg_color&#8221; css=&#8221;.vc_custom_1612316951577{margin-bottom: 0px !important;}&#8221;][\/vc_cta][\/vc_column][\/vc_row]<\/p>\n","protected":false},"excerpt":{"rendered":"<p>[vc_row][vc_column][vc_column_text] Nuestras soluciones inteligentes incluyen servicios de consultor\u00eda para el dise\u00f1o, desarrollo, implementaci\u00f3n e integraci\u00f3n de procesos y sistemas en funci\u00f3n de las necesidades y articulan productos de software propios (infraestructura, plataformas y aplicaciones), dispositivos de medici\u00f3n, normativa espec\u00edfica y capacitaci\u00f3n [\/vc_column_text][vc_empty_space][vc_row_inner][vc_column_inner width=&#8221;1\/2&#8243;][vc_column_text]El dise\u00f1o de soluciones contempla tres opciones de procesos para la incorporaci\u00f3n de<\/p>\n","protected":false},"author":1,"featured_media":0,"parent":0,"menu_order":13,"comment_status":"closed","ping_status":"closed","template":"","meta":[],"_links":{"self":[{"href":"https:\/\/softlab.com.ar\/webv2\/wp-json\/wp\/v2\/pages\/558"}],"collection":[{"href":"https:\/\/softlab.com.ar\/webv2\/wp-json\/wp\/v2\/pages"}],"about":[{"href":"https:\/\/softlab.com.ar\/webv2\/wp-json\/wp\/v2\/types\/page"}],"author":[{"embeddable":true,"href":"https:\/\/softlab.com.ar\/webv2\/wp-json\/wp\/v2\/users\/1"}],"replies":[{"embeddable":true,"href":"https:\/\/softlab.com.ar\/webv2\/wp-json\/wp\/v2\/comments?post=558"}],"version-history":[{"count":1,"href":"https:\/\/softlab.com.ar\/webv2\/wp-json\/wp\/v2\/pages\/558\/revisions"}],"predecessor-version":[{"id":4090,"href":"https:\/\/softlab.com.ar\/webv2\/wp-json\/wp\/v2\/pages\/558\/revisions\/4090"}],"wp:attachment":[{"href":"https:\/\/softlab.com.ar\/webv2\/wp-json\/wp\/v2\/media?parent=558"}],"curies":[{"name":"wp","href":"https:\/\/api.w.org\/{rel}","templated":true}]}}